{"id":14374,"date":"2025-02-17T17:56:50","date_gmt":"2025-02-17T15:56:50","guid":{"rendered":"https:\/\/zbranebudai.sk\/product\/khan-arms-vp-12-fidelio-kal-12-76-hl-71cm\/"},"modified":"2025-08-31T02:53:33","modified_gmt":"2025-08-31T00:53:33","slug":"khan-arms-vp-12-fidelio-kal-12-76-hl-71cm","status":"publish","type":"product","link":"https:\/\/zbranebudai.sk\/hu\/product\/khan-arms-vp-12-fidelio-kal-12-76-hl-71cm\/","title":{"rendered":"Khan Arms VP-12 Fidelio, cal. 12\/76, m\u00e9lys\u00e9g 71cm"},"content":{"rendered":"","protected":false},"excerpt":{"rendered":"<p>Ism\u00e9tl\u0151d\u0151 puska, \"pump action\", cs\u0151hossz 71 cm, teljes hossz 123 cm, alum\u00ednium z\u00e1rszerkezet, a csomagban 3 f\u00fav\u00f3ka (egy, h\u00e1rom \u00e9s \u00f6t rov\u00e1tkol\u00e1s), cs\u0151t\u00e1r 5 t\u00f6lt\u00e9nyre, szerelt \u00f6vhurokkal sz\u00e1ll\u00edtjuk.<\/p>","protected":false},"featured_media":9133,"template":"","meta":{"_gspb_post_css":""},"product_brand":[],"product_cat":[1999,2016,2002,1820],"product_tag":[],"class_list":{"0":"post-14374","1":"product","2":"type-product","3":"status-publish","4":"has-post-thumbnail","6":"product_cat-brokovnice","7":"product_cat-jednohlavnove-brokovnice-khan-arms-khan-arms-brokovnice","8":"product_cat-khan-arms-brokovnice","9":"product_cat-zbrane-b-c","11":"first","12":"outofstock","13":"taxable","14":"shipping-taxable","15":"purchasable","16":"product-type-simple"},"ct_brands":[],"_links":{"self":[{"href":"https:\/\/zbranebudai.sk\/hu\/wp-json\/wp\/v2\/product\/14374","targetHints":{"allow":["GET"]}}],"collection":[{"href":"https:\/\/zbranebudai.sk\/hu\/wp-json\/wp\/v2\/product"}],"about":[{"href":"https:\/\/zbranebudai.sk\/hu\/wp-json\/wp\/v2\/types\/product"}],"wp:featuredmedia":[{"embeddable":true,"href":"https:\/\/zbranebudai.sk\/hu\/wp-json\/wp\/v2\/media\/9133"}],"wp:attachment":[{"href":"https:\/\/zbranebudai.sk\/hu\/wp-json\/wp\/v2\/media?parent=14374"}],"wp:term":[{"taxonomy":"product_brand","embeddable":true,"href":"https:\/\/zbranebudai.sk\/hu\/wp-json\/wp\/v2\/product_brand?post=14374"},{"taxonomy":"product_cat","embeddable":true,"href":"https:\/\/zbranebudai.sk\/hu\/wp-json\/wp\/v2\/product_cat?post=14374"},{"taxonomy":"product_tag","embeddable":true,"href":"https:\/\/zbranebudai.sk\/hu\/wp-json\/wp\/v2\/product_tag?post=14374"}],"curies":[{"name":"wp","href":"https:\/\/api.w.org\/{rel}","templated":true}]}}