{"id":14367,"date":"2025-02-17T17:56:47","date_gmt":"2025-02-17T15:56:47","guid":{"rendered":"https:\/\/zbranebudai.sk\/product\/tikka-t3x-compact-kal-308win-ns-3rd-20in\/"},"modified":"2026-04-09T03:17:54","modified_gmt":"2026-04-09T01:17:54","slug":"tikka-t3x-compact-kal-308win-ns-3-20in","status":"publish","type":"product","link":"https:\/\/zbranebudai.sk\/hu\/product\/tikka-t3x-compact-kal-308win-ns-3rd-20in\/","title":{"rendered":"Tikka T3x Compact, cal. .308Win. (NS 3. 20in)"},"content":{"rendered":"<p>PARAM\u00c9TEREK:<\/p>\n<p>Cs\u0151hossz: 510 mm (20 in)<br \/>\nTeljes hossz: 990 mm<br \/>\nT\u00e1lcakapacit\u00e1s: 3<br \/>\nCs\u0151oszt\u00e1s: 1:11<br \/>\nPicatinny s\u00edn: nem<br \/>\nAnyag: ac\u00e9l<br \/>\n\u00cdg\u00e9ret: Szintetikus<br \/>\nS\u00faly: 2,7 kg<\/p>\n<p>B\u0151vebben a www.tikka.fi\/en-us\/rifles\/tikka-t3x\/t3x-lite-compact oldalon.<\/p>","protected":false},"excerpt":{"rendered":"<p>A kiv\u00e1l\u00f3 min\u0151s\u00e9g\u0171 Tikka T3x Compact ism\u00e9tl\u0151puska nagy teljes\u00edtm\u00e9nyt k\u00edn\u00e1l kompakt kivitelben. Ez a t\u00f6bbc\u00e9l\u00fa puska, minden helyzethez alkalmazkodik. 3 l\u00f6v\u00e9ses ac\u00e9l t\u00e1rral van felszerelve.<\/p>","protected":false},"featured_media":9119,"template":"","meta":{"_gspb_post_css":""},"product_brand":[],"product_cat":[1821,2052,1854,1861,1820],"product_tag":[],"class_list":{"0":"post-14367","1":"product","2":"type-product","3":"status-publish","4":"has-post-thumbnail","6":"product_cat-gulovnice-zbrane-b-c","7":"product_cat-t3x-compact","8":"product_cat-tikka","9":"product_cat-tikka-t3x","10":"product_cat-zbrane-b-c","12":"first","13":"outofstock","14":"taxable","15":"shipping-taxable","16":"purchasable","17":"product-type-simple"},"ct_brands":[],"_links":{"self":[{"href":"https:\/\/zbranebudai.sk\/hu\/wp-json\/wp\/v2\/product\/14367","targetHints":{"allow":["GET"]}}],"collection":[{"href":"https:\/\/zbranebudai.sk\/hu\/wp-json\/wp\/v2\/product"}],"about":[{"href":"https:\/\/zbranebudai.sk\/hu\/wp-json\/wp\/v2\/types\/product"}],"wp:featuredmedia":[{"embeddable":true,"href":"https:\/\/zbranebudai.sk\/hu\/wp-json\/wp\/v2\/media\/9119"}],"wp:attachment":[{"href":"https:\/\/zbranebudai.sk\/hu\/wp-json\/wp\/v2\/media?parent=14367"}],"wp:term":[{"taxonomy":"product_brand","embeddable":true,"href":"https:\/\/zbranebudai.sk\/hu\/wp-json\/wp\/v2\/product_brand?post=14367"},{"taxonomy":"product_cat","embeddable":true,"href":"https:\/\/zbranebudai.sk\/hu\/wp-json\/wp\/v2\/product_cat?post=14367"},{"taxonomy":"product_tag","embeddable":true,"href":"https:\/\/zbranebudai.sk\/hu\/wp-json\/wp\/v2\/product_tag?post=14367"}],"curies":[{"name":"wp","href":"https:\/\/api.w.org\/{rel}","templated":true}]}}