{"id":14358,"date":"2025-02-17T17:56:45","date_gmt":"2025-02-17T15:56:45","guid":{"rendered":"https:\/\/zbranebudai.sk\/product\/muska-springfield-hs-svetlovod-vlakno\/"},"modified":"2026-04-16T05:27:53","modified_gmt":"2026-04-16T03:27:53","slug":"muska-springfield-hs-fenyvezeto-szal","status":"publish","type":"product","link":"https:\/\/zbranebudai.sk\/hu\/product\/muska-springfield-hs-svetlovod-vlakno\/","title":{"rendered":"Springfield\/HS fly light \u00fatmutat\u00f3. Sz\u00e1l"},"content":{"rendered":"","protected":false},"excerpt":{"rendered":"<p>Rep\u00fclj piros sz\u00e1lakkal a HELLCAT, XD, XDM, XDS, H11, S Line, SF Line, HS G2 Line modellekhez. (Springfield\/HS el\u00fcls\u0151 c\u00e9lkereszt, piros sz\u00e1loptik\u00e1val)<\/p>","protected":false},"featured_media":9101,"template":"","meta":{"_gspb_post_css":""},"product_brand":[],"product_cat":[2051,1864,2043,2033,1820],"product_tag":[],"class_list":{"0":"post-14358","1":"product","2":"type-product","3":"status-publish","4":"has-post-thumbnail","6":"product_cat-mieridla-prislusenstvo-springfield-armory","7":"product_cat-pistole-zbrane-b-c","8":"product_cat-prislusenstvo-springfield-armory","9":"product_cat-springfield-armory-hs-produkt","10":"product_cat-zbrane-b-c","12":"first","13":"instock","14":"taxable","15":"shipping-taxable","16":"purchasable","17":"product-type-simple"},"ct_brands":[],"_links":{"self":[{"href":"https:\/\/zbranebudai.sk\/hu\/wp-json\/wp\/v2\/product\/14358","targetHints":{"allow":["GET"]}}],"collection":[{"href":"https:\/\/zbranebudai.sk\/hu\/wp-json\/wp\/v2\/product"}],"about":[{"href":"https:\/\/zbranebudai.sk\/hu\/wp-json\/wp\/v2\/types\/product"}],"wp:featuredmedia":[{"embeddable":true,"href":"https:\/\/zbranebudai.sk\/hu\/wp-json\/wp\/v2\/media\/9101"}],"wp:attachment":[{"href":"https:\/\/zbranebudai.sk\/hu\/wp-json\/wp\/v2\/media?parent=14358"}],"wp:term":[{"taxonomy":"product_brand","embeddable":true,"href":"https:\/\/zbranebudai.sk\/hu\/wp-json\/wp\/v2\/product_brand?post=14358"},{"taxonomy":"product_cat","embeddable":true,"href":"https:\/\/zbranebudai.sk\/hu\/wp-json\/wp\/v2\/product_cat?post=14358"},{"taxonomy":"product_tag","embeddable":true,"href":"https:\/\/zbranebudai.sk\/hu\/wp-json\/wp\/v2\/product_tag?post=14358"}],"curies":[{"name":"wp","href":"https:\/\/api.w.org\/{rel}","templated":true}]}}