{"id":14357,"date":"2025-02-17T17:56:45","date_gmt":"2025-02-17T15:56:45","guid":{"rendered":"https:\/\/zbranebudai.sk\/product\/cielnik-xd-xd-m-sf19-g2-line-triciovy-dlhy\/"},"modified":"2026-04-16T05:27:53","modified_gmt":"2026-04-16T03:27:53","slug":"feknyereg-xd-xd-m-sf19-g2-line-haromkereku-hosszu","status":"publish","type":"product","link":"https:\/\/zbranebudai.sk\/hu\/product\/cielnik-xd-xd-m-sf19-g2-line-triciovy-dlhy\/","title":{"rendered":"XD\/XD-M\/SF19\/G2 vonal, tr\u00edcium, hossz\u00fa"},"content":{"rendered":"","protected":false},"excerpt":{"rendered":"<p>Tr\u00edcium c\u00e9lt\u00e1bla az XD\/XD-M\/SF19\/G2 vonalhoz. Nem alkalmas a kollim\u00e1torral ell\u00e1tott v\u00e1ltozatokhoz \u00e9s az XD-M ELITE 5,25\u2033 PRECISION\/SF19 5,25-\u00f6sh\u00f6z.<\/p>","protected":false},"featured_media":9099,"template":"","meta":{"_gspb_post_css":""},"product_brand":[],"product_cat":[2051,1864,2043,2033,1820],"product_tag":[],"class_list":{"0":"post-14357","1":"product","2":"type-product","3":"status-publish","4":"has-post-thumbnail","6":"product_cat-mieridla-prislusenstvo-springfield-armory","7":"product_cat-pistole-zbrane-b-c","8":"product_cat-prislusenstvo-springfield-armory","9":"product_cat-springfield-armory-hs-produkt","10":"product_cat-zbrane-b-c","12":"first","13":"instock","14":"taxable","15":"shipping-taxable","16":"purchasable","17":"product-type-simple"},"ct_brands":[],"_links":{"self":[{"href":"https:\/\/zbranebudai.sk\/hu\/wp-json\/wp\/v2\/product\/14357","targetHints":{"allow":["GET"]}}],"collection":[{"href":"https:\/\/zbranebudai.sk\/hu\/wp-json\/wp\/v2\/product"}],"about":[{"href":"https:\/\/zbranebudai.sk\/hu\/wp-json\/wp\/v2\/types\/product"}],"wp:featuredmedia":[{"embeddable":true,"href":"https:\/\/zbranebudai.sk\/hu\/wp-json\/wp\/v2\/media\/9099"}],"wp:attachment":[{"href":"https:\/\/zbranebudai.sk\/hu\/wp-json\/wp\/v2\/media?parent=14357"}],"wp:term":[{"taxonomy":"product_brand","embeddable":true,"href":"https:\/\/zbranebudai.sk\/hu\/wp-json\/wp\/v2\/product_brand?post=14357"},{"taxonomy":"product_cat","embeddable":true,"href":"https:\/\/zbranebudai.sk\/hu\/wp-json\/wp\/v2\/product_cat?post=14357"},{"taxonomy":"product_tag","embeddable":true,"href":"https:\/\/zbranebudai.sk\/hu\/wp-json\/wp\/v2\/product_tag?post=14357"}],"curies":[{"name":"wp","href":"https:\/\/api.w.org\/{rel}","templated":true}]}}