{"id":14356,"date":"2025-02-17T17:56:45","date_gmt":"2025-02-17T15:56:45","guid":{"rendered":"https:\/\/zbranebudai.sk\/product\/cielnik-xd-xd-m-sf19-g2-line-svetlovod-vlakna-dlhy\/"},"modified":"2026-04-16T05:27:54","modified_gmt":"2026-04-16T03:27:54","slug":"xd-xd-m-sf19-g2-vonalvezetesu-hosszu-fenyvezeto","status":"publish","type":"product","link":"https:\/\/zbranebudai.sk\/hu\/product\/cielnik-xd-xd-m-sf19-g2-line-svetlovod-vlakna-dlhy\/","title":{"rendered":"XD\/XD-M\/SF19\/G2 vonal, f\u00e9nyvezet\u0151. sz\u00e1lak, hossz\u00fa"},"content":{"rendered":"<p>A c\u00e9lt\u00e1bla a HS G2 LINE (XD) modellekkel is kompatibilis, csak a c\u00e9lt\u00e1bla fel\u00e9 2-3 mm-rel hosszabb.<\/p>","protected":false},"excerpt":{"rendered":"<p>Z\u00f6ld f\u00e9nykibocs\u00e1t\u00f3 sz\u00e1las c\u00e9lt\u00e1bla az XD\/XD-M\/SF19\/G2 vonalhoz. Nem alkalmas a kollim\u00e1torral ell\u00e1tott v\u00e1ltozatokhoz \u00e9s az XD-M ELITE 5,25\u2033 PRECISION\/SF19 5,25-\u00f6sh\u00f6z.<\/p>","protected":false},"featured_media":9097,"template":"","meta":{"_gspb_post_css":""},"product_brand":[],"product_cat":[2051,1864,2043,2033,1820],"product_tag":[],"class_list":{"0":"post-14356","1":"product","2":"type-product","3":"status-publish","4":"has-post-thumbnail","6":"product_cat-mieridla-prislusenstvo-springfield-armory","7":"product_cat-pistole-zbrane-b-c","8":"product_cat-prislusenstvo-springfield-armory","9":"product_cat-springfield-armory-hs-produkt","10":"product_cat-zbrane-b-c","12":"first","13":"instock","14":"taxable","15":"shipping-taxable","16":"purchasable","17":"product-type-simple"},"ct_brands":[],"_links":{"self":[{"href":"https:\/\/zbranebudai.sk\/hu\/wp-json\/wp\/v2\/product\/14356","targetHints":{"allow":["GET"]}}],"collection":[{"href":"https:\/\/zbranebudai.sk\/hu\/wp-json\/wp\/v2\/product"}],"about":[{"href":"https:\/\/zbranebudai.sk\/hu\/wp-json\/wp\/v2\/types\/product"}],"wp:featuredmedia":[{"embeddable":true,"href":"https:\/\/zbranebudai.sk\/hu\/wp-json\/wp\/v2\/media\/9097"}],"wp:attachment":[{"href":"https:\/\/zbranebudai.sk\/hu\/wp-json\/wp\/v2\/media?parent=14356"}],"wp:term":[{"taxonomy":"product_brand","embeddable":true,"href":"https:\/\/zbranebudai.sk\/hu\/wp-json\/wp\/v2\/product_brand?post=14356"},{"taxonomy":"product_cat","embeddable":true,"href":"https:\/\/zbranebudai.sk\/hu\/wp-json\/wp\/v2\/product_cat?post=14356"},{"taxonomy":"product_tag","embeddable":true,"href":"https:\/\/zbranebudai.sk\/hu\/wp-json\/wp\/v2\/product_tag?post=14356"}],"curies":[{"name":"wp","href":"https:\/\/api.w.org\/{rel}","templated":true}]}}