{"id":14354,"date":"2025-02-17T17:56:45","date_gmt":"2025-02-17T15:56:45","guid":{"rendered":"https:\/\/zbranebudai.sk\/product\/cielnik-hellcat-h11-xd-s-s-line-biely-dlhy\/"},"modified":"2026-04-16T05:27:54","modified_gmt":"2026-04-16T03:27:54","slug":"hellcat-h11-xd-s-line-feher-hosszu","status":"publish","type":"product","link":"https:\/\/zbranebudai.sk\/hu\/product\/cielnik-hellcat-h11-xd-s-s-line-biely-dlhy\/","title":{"rendered":"HELLCAT\/H11, XD-S\/S Line, feh\u00e9r, hossz\u00fa, c\u00e9lt\u00e1vcs\u0151"},"content":{"rendered":"","protected":false},"excerpt":{"rendered":"<p>Feh\u00e9r pont c\u00e9lt\u00e1bla HELLCAT\/H11, XD-S\/S vonalhoz. Csak a kollim\u00e1tor el\u0151k\u00e9sz\u00edt\u00e9s n\u00e9lk\u00fcli v\u00e1ltozatokhoz! (No.35\/862250\/REAR SIGHT WHITE DOTS)<\/p>","protected":false},"featured_media":9093,"template":"","meta":{"_gspb_post_css":""},"product_brand":[],"product_cat":[2051,1864,2043,2033,1820],"product_tag":[],"class_list":{"0":"post-14354","1":"product","2":"type-product","3":"status-publish","4":"has-post-thumbnail","6":"product_cat-mieridla-prislusenstvo-springfield-armory","7":"product_cat-pistole-zbrane-b-c","8":"product_cat-prislusenstvo-springfield-armory","9":"product_cat-springfield-armory-hs-produkt","10":"product_cat-zbrane-b-c","12":"first","13":"instock","14":"taxable","15":"shipping-taxable","16":"purchasable","17":"product-type-simple"},"ct_brands":[],"_links":{"self":[{"href":"https:\/\/zbranebudai.sk\/hu\/wp-json\/wp\/v2\/product\/14354","targetHints":{"allow":["GET"]}}],"collection":[{"href":"https:\/\/zbranebudai.sk\/hu\/wp-json\/wp\/v2\/product"}],"about":[{"href":"https:\/\/zbranebudai.sk\/hu\/wp-json\/wp\/v2\/types\/product"}],"wp:featuredmedia":[{"embeddable":true,"href":"https:\/\/zbranebudai.sk\/hu\/wp-json\/wp\/v2\/media\/9093"}],"wp:attachment":[{"href":"https:\/\/zbranebudai.sk\/hu\/wp-json\/wp\/v2\/media?parent=14354"}],"wp:term":[{"taxonomy":"product_brand","embeddable":true,"href":"https:\/\/zbranebudai.sk\/hu\/wp-json\/wp\/v2\/product_brand?post=14354"},{"taxonomy":"product_cat","embeddable":true,"href":"https:\/\/zbranebudai.sk\/hu\/wp-json\/wp\/v2\/product_cat?post=14354"},{"taxonomy":"product_tag","embeddable":true,"href":"https:\/\/zbranebudai.sk\/hu\/wp-json\/wp\/v2\/product_tag?post=14354"}],"curies":[{"name":"wp","href":"https:\/\/api.w.org\/{rel}","templated":true}]}}