{"id":14353,"date":"2025-02-17T17:56:45","date_gmt":"2025-02-17T15:56:45","guid":{"rendered":"https:\/\/zbranebudai.sk\/product\/cielnik-hellcat-h11-xd-s-s-line-u-notch-dlhy\/"},"modified":"2026-04-16T05:27:54","modified_gmt":"2026-04-16T03:27:54","slug":"hellcat-h11-xd-s-line-u-notch-hosszu-s-sorral","status":"publish","type":"product","link":"https:\/\/zbranebudai.sk\/hu\/product\/cielnik-hellcat-h11-xd-s-s-line-u-notch-dlhy\/","title":{"rendered":"HELLCAT\/H11, XD-S\/S Line, U-ny\u00edl\u00e1s\u00fa, hossz\u00fa c\u00e9lt\u00e1vcs\u0151, hossz\u00fa"},"content":{"rendered":"","protected":false},"excerpt":{"rendered":"<p>C\u00e9lpont feh\u00e9r U alak\u00fa kiemel\u00e9ssel a HELLCAT\/H11, XD-S\/S vonalhoz. Nem alkalmas kollim\u00e1torral el\u0151k\u00e9sz\u00edtett v\u00e1ltozatokhoz. (H\u00e1ts\u00f3 ir\u00e1nyz\u00e9k Hellcat TacRac U\/862250-00)<\/p>","protected":false},"featured_media":9091,"template":"","meta":{"_gspb_post_css":""},"product_brand":[],"product_cat":[2051,1864,2043,2033,1820],"product_tag":[],"class_list":{"0":"post-14353","1":"product","2":"type-product","3":"status-publish","4":"has-post-thumbnail","6":"product_cat-mieridla-prislusenstvo-springfield-armory","7":"product_cat-pistole-zbrane-b-c","8":"product_cat-prislusenstvo-springfield-armory","9":"product_cat-springfield-armory-hs-produkt","10":"product_cat-zbrane-b-c","12":"first","13":"instock","14":"taxable","15":"shipping-taxable","16":"purchasable","17":"product-type-simple"},"ct_brands":[],"_links":{"self":[{"href":"https:\/\/zbranebudai.sk\/hu\/wp-json\/wp\/v2\/product\/14353","targetHints":{"allow":["GET"]}}],"collection":[{"href":"https:\/\/zbranebudai.sk\/hu\/wp-json\/wp\/v2\/product"}],"about":[{"href":"https:\/\/zbranebudai.sk\/hu\/wp-json\/wp\/v2\/types\/product"}],"wp:featuredmedia":[{"embeddable":true,"href":"https:\/\/zbranebudai.sk\/hu\/wp-json\/wp\/v2\/media\/9091"}],"wp:attachment":[{"href":"https:\/\/zbranebudai.sk\/hu\/wp-json\/wp\/v2\/media?parent=14353"}],"wp:term":[{"taxonomy":"product_brand","embeddable":true,"href":"https:\/\/zbranebudai.sk\/hu\/wp-json\/wp\/v2\/product_brand?post=14353"},{"taxonomy":"product_cat","embeddable":true,"href":"https:\/\/zbranebudai.sk\/hu\/wp-json\/wp\/v2\/product_cat?post=14353"},{"taxonomy":"product_tag","embeddable":true,"href":"https:\/\/zbranebudai.sk\/hu\/wp-json\/wp\/v2\/product_tag?post=14353"}],"curies":[{"name":"wp","href":"https:\/\/api.w.org\/{rel}","templated":true}]}}