{"id":14350,"date":"2025-02-17T17:56:45","date_gmt":"2025-02-17T15:56:45","guid":{"rendered":"https:\/\/zbranebudai.sk\/product\/zasobnik-xd-m-sf19-9x19-19rd\/"},"modified":"2026-04-16T05:33:08","modified_gmt":"2026-04-16T03:33:08","slug":"henger-xd-m-sf19-9x19-19rd","status":"publish","type":"product","link":"https:\/\/zbranebudai.sk\/hu\/product\/zasobnik-xd-m-sf19-9x19-19rd\/","title":{"rendered":"XD-M\/SF19 t\u00e1r, 9\u00d719, 19rd"},"content":{"rendered":"","protected":false},"excerpt":{"rendered":"<p>T\u00f6lt\u00e9nyt\u00e1r XD-M\/SF19, cal. 9\u00d719, 19 l\u00f6ved\u00e9k kapacit\u00e1ssal. Sz\u00fcks\u00e9g van a \"Magwel\" kib\u0151v\u00edtett t\u00e1rk\u00fat elt\u00e1vol\u00edt\u00e1s\u00e1ra. A Compact v\u00e1ltozathoz nem haszn\u00e1lhat\u00f3!<\/p>","protected":false},"featured_media":9085,"template":"","meta":{"_gspb_post_css":""},"product_brand":[],"product_cat":[1864,2043,2033,2230,1820],"product_tag":[],"class_list":{"0":"post-14350","1":"product","2":"type-product","3":"status-publish","4":"has-post-thumbnail","6":"product_cat-pistole-zbrane-b-c","7":"product_cat-prislusenstvo-springfield-armory","8":"product_cat-springfield-armory-hs-produkt","9":"product_cat-zasobniky-prislusenstvo-springfield-armory","10":"product_cat-zbrane-b-c","12":"first","13":"instock","14":"taxable","15":"shipping-taxable","16":"purchasable","17":"product-type-simple"},"ct_brands":[],"_links":{"self":[{"href":"https:\/\/zbranebudai.sk\/hu\/wp-json\/wp\/v2\/product\/14350","targetHints":{"allow":["GET"]}}],"collection":[{"href":"https:\/\/zbranebudai.sk\/hu\/wp-json\/wp\/v2\/product"}],"about":[{"href":"https:\/\/zbranebudai.sk\/hu\/wp-json\/wp\/v2\/types\/product"}],"wp:featuredmedia":[{"embeddable":true,"href":"https:\/\/zbranebudai.sk\/hu\/wp-json\/wp\/v2\/media\/9085"}],"wp:attachment":[{"href":"https:\/\/zbranebudai.sk\/hu\/wp-json\/wp\/v2\/media?parent=14350"}],"wp:term":[{"taxonomy":"product_brand","embeddable":true,"href":"https:\/\/zbranebudai.sk\/hu\/wp-json\/wp\/v2\/product_brand?post=14350"},{"taxonomy":"product_cat","embeddable":true,"href":"https:\/\/zbranebudai.sk\/hu\/wp-json\/wp\/v2\/product_cat?post=14350"},{"taxonomy":"product_tag","embeddable":true,"href":"https:\/\/zbranebudai.sk\/hu\/wp-json\/wp\/v2\/product_tag?post=14350"}],"curies":[{"name":"wp","href":"https:\/\/api.w.org\/{rel}","templated":true}]}}