{"id":14345,"date":"2025-02-17T17:56:44","date_gmt":"2025-02-17T15:56:44","guid":{"rendered":"https:\/\/zbranebudai.sk\/product\/qd-putka-na-popruh-pre-sako-s20-t3x-tac-a1-trg-22-42-a1\/"},"modified":"2026-04-16T04:51:54","modified_gmt":"2026-04-16T02:51:54","slug":"qd-heveder-hurok-kabathoz-s20-t3x-tac-a1-trg-22-42-a1","status":"publish","type":"product","link":"https:\/\/zbranebudai.sk\/hu\/product\/qd-putka-na-popruh-pre-sako-s20-t3x-tac-a1-trg-22-42-a1\/","title":{"rendered":"QD hevederhurok S20, T3x TAC A1, TRG-22\/42 A1 sz\u00e1m\u00e1ra"},"content":{"rendered":"<p>M\u00e1s SAKO \u00e9s TIKKA puska modellekhez is illeszkedik, amelyeken a gyorskiold\u00f3 hurokhoz sz\u00fcks\u00e9ges lyukak vannak.<\/p>","protected":false},"excerpt":{"rendered":"<p>2 db gyorsan levehet\u0151 hevederhurok Sako S20, T3x TAC A1, TRG-22\/42 A1 \u00e9s m\u00e1sokhoz.<\/p>","protected":false},"featured_media":9075,"template":"","meta":{"_gspb_post_css":""},"product_brand":[],"product_cat":[1939,1821,1928,1822,1820],"product_tag":[],"class_list":{"0":"post-14345","1":"product","2":"type-product","3":"status-publish","4":"has-post-thumbnail","6":"product_cat-doplnky-prislusenstvo-sako","7":"product_cat-gulovnice-zbrane-b-c","8":"product_cat-prislusenstvo-sako","9":"product_cat-sako","10":"product_cat-zbrane-b-c","12":"first","13":"instock","14":"taxable","15":"shipping-taxable","16":"purchasable","17":"product-type-simple"},"ct_brands":[],"_links":{"self":[{"href":"https:\/\/zbranebudai.sk\/hu\/wp-json\/wp\/v2\/product\/14345","targetHints":{"allow":["GET"]}}],"collection":[{"href":"https:\/\/zbranebudai.sk\/hu\/wp-json\/wp\/v2\/product"}],"about":[{"href":"https:\/\/zbranebudai.sk\/hu\/wp-json\/wp\/v2\/types\/product"}],"wp:featuredmedia":[{"embeddable":true,"href":"https:\/\/zbranebudai.sk\/hu\/wp-json\/wp\/v2\/media\/9075"}],"wp:attachment":[{"href":"https:\/\/zbranebudai.sk\/hu\/wp-json\/wp\/v2\/media?parent=14345"}],"wp:term":[{"taxonomy":"product_brand","embeddable":true,"href":"https:\/\/zbranebudai.sk\/hu\/wp-json\/wp\/v2\/product_brand?post=14345"},{"taxonomy":"product_cat","embeddable":true,"href":"https:\/\/zbranebudai.sk\/hu\/wp-json\/wp\/v2\/product_cat?post=14345"},{"taxonomy":"product_tag","embeddable":true,"href":"https:\/\/zbranebudai.sk\/hu\/wp-json\/wp\/v2\/product_tag?post=14345"}],"curies":[{"name":"wp","href":"https:\/\/api.w.org\/{rel}","templated":true}]}}