{"id":14342,"date":"2025-02-17T17:56:43","date_gmt":"2025-02-17T15:56:43","guid":{"rendered":"https:\/\/zbranebudai.sk\/product\/ruger-lcp-ii-13705-kal-22lr\/"},"modified":"2026-04-16T03:46:58","modified_gmt":"2026-04-16T01:46:58","slug":"ruger-lcp-ii-13705-cal-22lr","status":"publish","type":"product","link":"https:\/\/zbranebudai.sk\/hu\/product\/ruger-lcp-ii-13705-kal-22lr\/","title":{"rendered":"Ruger LCP II 13705, cal. .22LR"},"content":{"rendered":"<p>PARAM\u00c9TEREK:<\/p>\n<p>A tart\u00e1ly kapacit\u00e1sa: 10\u00a0<br \/>\nCs\u0151hossz: 70 mm (2.75\u2033)<br \/>\nSz\u00e9less\u00e9g: 20 mm<br \/>\nMagass\u00e1g: 102 mm<br \/>\nTeljes hossz: 132 mm<br \/>\nA cs\u0151 furat\u00e1nak oszt\u00e1sa: 1:16\u2033 RH<br \/>\nS\u00faly: 318 g<\/p>","protected":false},"excerpt":{"rendered":"<p>A Ruger LCP II\u00ae egy k\u00f6nny\u0171, kompakt .22 LR kaliber\u0171 pisztoly, amely alacsony visszar\u00fag\u00e1ssal rendelkezik a k\u00e9nyelmes edz\u00e9s \u00e9rdek\u00e9ben, \u00e9s nagy sebess\u00e9g\u0171 l\u0151szerekkel val\u00f3 haszn\u00e1latra optimaliz\u00e1lt. A Lite Rack\u2122 rendszer hangs\u00falyos fog\u00f3lapokat \u00e9s gyeng\u00e9bb visszar\u00fag\u00f3 rug\u00f3t tartalmaz, ami k\u00f6nnyebb z\u00e1rvez\u00e9rl\u00e9st tesz lehet\u0151v\u00e9. Az LCP II\u00ae massz\u00edv c\u00e9lz\u00f3k\u00e9sz\u00fcl\u00e9kkel, semlegesen kiegyens\u00falyozott, hangs\u00falyos lend\u00fclet\u0171, r\u00f6vid \u00e9s sima h\u00faz\u00e1ssal, valamint er\u0151s rug\u00f3fesz\u00edt\u00e9ssel rendelkez\u0151 ravaszral rendelkezik. A Ruger biztons\u00e1gos, megb\u00edzhat\u00f3 \u00e9s bev\u00e1lt Secure Action t\u0171zvez\u00e9rl\u0151 rendszer\u00e9t haszn\u00e1lja, amely a v\u00e9dett bels\u0151 kalap\u00e1csot \u00e9s a ravaszbiztos\u00edt\u00f3t kombin\u00e1lja. Tartalmaz 1 t\u00e1rat \u00e9s gyorst\u00f6lt\u0151t.<\/p>","protected":false},"featured_media":9067,"template":"","meta":{"_gspb_post_css":""},"product_brand":[],"product_cat":[2042,1864,1877,1820],"product_tag":[],"class_list":{"0":"post-14342","1":"product","2":"type-product","3":"status-publish","4":"has-post-thumbnail","6":"product_cat-lcp-ii","7":"product_cat-pistole-zbrane-b-c","8":"product_cat-ruger-pistole-zbrane-b-c","9":"product_cat-zbrane-b-c","11":"first","12":"instock","13":"taxable","14":"shipping-taxable","15":"purchasable","16":"product-type-simple"},"ct_brands":[],"_links":{"self":[{"href":"https:\/\/zbranebudai.sk\/hu\/wp-json\/wp\/v2\/product\/14342","targetHints":{"allow":["GET"]}}],"collection":[{"href":"https:\/\/zbranebudai.sk\/hu\/wp-json\/wp\/v2\/product"}],"about":[{"href":"https:\/\/zbranebudai.sk\/hu\/wp-json\/wp\/v2\/types\/product"}],"wp:featuredmedia":[{"embeddable":true,"href":"https:\/\/zbranebudai.sk\/hu\/wp-json\/wp\/v2\/media\/9067"}],"wp:attachment":[{"href":"https:\/\/zbranebudai.sk\/hu\/wp-json\/wp\/v2\/media?parent=14342"}],"wp:term":[{"taxonomy":"product_brand","embeddable":true,"href":"https:\/\/zbranebudai.sk\/hu\/wp-json\/wp\/v2\/product_brand?post=14342"},{"taxonomy":"product_cat","embeddable":true,"href":"https:\/\/zbranebudai.sk\/hu\/wp-json\/wp\/v2\/product_cat?post=14342"},{"taxonomy":"product_tag","embeddable":true,"href":"https:\/\/zbranebudai.sk\/hu\/wp-json\/wp\/v2\/product_tag?post=14342"}],"curies":[{"name":"wp","href":"https:\/\/api.w.org\/{rel}","templated":true}]}}