{"id":14337,"date":"2025-02-17T17:56:42","date_gmt":"2025-02-17T15:56:42","guid":{"rendered":"https:\/\/zbranebudai.sk\/product\/pistol-hs-9-4-0-g2-ss-kal-9x19\/"},"modified":"2025-07-12T16:28:40","modified_gmt":"2025-07-12T14:28:40","slug":"pisztoly-hs-9-4-0-g2-ss-cal-9x19","status":"publish","type":"product","link":"https:\/\/zbranebudai.sk\/hu\/product\/pistol-hs-9-4-0-g2-ss-kal-9x19\/","title":{"rendered":"Pisztoly HS-9 4.0 G2 SS, cal. 9\u00d719"},"content":{"rendered":"<p>Param\u00e9terek:<\/p>\n<p>T\u00e1rkapacit\u00e1s: 16 t\u00f6lt\u00e9ny<br \/>\nSz\u00e1nd\u00e9kos hossz: 158 mm<br \/>\nA furat meredeks\u00e9ge 1:10<br \/>\nCs\u0151hossz: 103,5 mm<br \/>\nTeljes hossz: 180,5 mm<br \/>\nSz\u00e9less\u00e9g: 33 mm<br \/>\nMagass\u00e1g: 140 mm<br \/>\nS\u00faly: 700 g (t\u00e1r n\u00e9lk\u00fcl)<br \/>\nPatron s\u00falya: 85 g<\/p>\n<p>A csomag tartalma:<\/p>\n<p>Pisztoly: 1 db<br \/>\nT\u00e1lca: 3 db<br \/>\nTiszt\u00edt\u00f3 k\u00e9szlet: 1 darab<br \/>\ntok: 1 db<\/p>","protected":false},"excerpt":{"rendered":"<p>A HS-9 4.0 G2 SS az ide\u00e1lis univerz\u00e1lis pisztoly cal. 9\u00d719 polimer v\u00e1zzal \u00e9s k\u00e9tsoros t\u00e1rral. Rozsdamentes ac\u00e9l t\u00e1rtest, 16+1 kapacit\u00e1ssal. V\u00f6r\u00f6s f\u00e9nyvezet\u0151 c\u00e9lz\u00f3k\u00e9sz\u00fcl\u00e9k \u00e9s k\u00e9t feh\u00e9r ponttal ell\u00e1tott c\u00e9lt\u00e1vcs\u0151, mindkett\u0151 oldalir\u00e1nyban \u00e1ll\u00edthat\u00f3, ac\u00e9lb\u00f3l k\u00e9sz\u00fclt, a vak\u00edt\u00e1s megakad\u00e1lyoz\u00e1s\u00e1ra szolg\u00e1l\u00f3 rec\u00e9z\u00e9ssel. K\u00e9tkezes t\u00e1rkiold\u00f3, tartoz\u00e9ktart\u00f3 s\u00edn, hornyok az ir\u00e1nyz\u00e9k el\u00fcls\u0151 r\u00e9sz\u00e9n. Teny\u00e9rbiztos\u00edt\u00e1s, ravaszbiztos\u00edt\u00e1s, els\u00fct\u0151szegbiztos\u00edt\u00e1s, kamra t\u00f6lt\u00f6tts\u00e9gjelz\u0151, els\u00fct\u0151szeg helyzetjelz\u0151.<\/p>","protected":false},"featured_media":9055,"template":"","meta":{"_gspb_post_css":""},"product_brand":[],"product_cat":[1864,2033,2034,2041,1820],"product_tag":[],"class_list":{"0":"post-14337","1":"product","2":"type-product","3":"status-publish","4":"has-post-thumbnail","6":"product_cat-pistole-zbrane-b-c","7":"product_cat-springfield-armory-hs-produkt","8":"product_cat-xd","9":"product_cat-xd-xd","10":"product_cat-zbrane-b-c","12":"first","13":"outofstock","14":"taxable","15":"shipping-taxable","16":"purchasable","17":"product-type-simple"},"ct_brands":[],"_links":{"self":[{"href":"https:\/\/zbranebudai.sk\/hu\/wp-json\/wp\/v2\/product\/14337","targetHints":{"allow":["GET"]}}],"collection":[{"href":"https:\/\/zbranebudai.sk\/hu\/wp-json\/wp\/v2\/product"}],"about":[{"href":"https:\/\/zbranebudai.sk\/hu\/wp-json\/wp\/v2\/types\/product"}],"wp:featuredmedia":[{"embeddable":true,"href":"https:\/\/zbranebudai.sk\/hu\/wp-json\/wp\/v2\/media\/9055"}],"wp:attachment":[{"href":"https:\/\/zbranebudai.sk\/hu\/wp-json\/wp\/v2\/media?parent=14337"}],"wp:term":[{"taxonomy":"product_brand","embeddable":true,"href":"https:\/\/zbranebudai.sk\/hu\/wp-json\/wp\/v2\/product_brand?post=14337"},{"taxonomy":"product_cat","embeddable":true,"href":"https:\/\/zbranebudai.sk\/hu\/wp-json\/wp\/v2\/product_cat?post=14337"},{"taxonomy":"product_tag","embeddable":true,"href":"https:\/\/zbranebudai.sk\/hu\/wp-json\/wp\/v2\/product_tag?post=14337"}],"curies":[{"name":"wp","href":"https:\/\/api.w.org\/{rel}","templated":true}]}}