{"id":14332,"date":"2025-02-17T17:56:42","date_gmt":"2025-02-17T15:56:42","guid":{"rendered":"https:\/\/zbranebudai.sk\/product\/pridavne-predpazbie-t3x-sede\/"},"modified":"2026-04-16T04:00:54","modified_gmt":"2026-04-16T02:00:54","slug":"t3x-ulesbovites","status":"publish","type":"product","link":"https:\/\/zbranebudai.sk\/hu\/product\/pridavne-predpazbie-t3x-sede\/","title":{"rendered":"T3x sz\u00fcrke kieg\u00e9sz\u00edt\u0151 alkar"},"content":{"rendered":"","protected":false},"excerpt":{"rendered":"<p>Kompatibilis a Tikka T3x szintetikus sz\u00e1rakkal. Az alkar kisz\u00e9les\u00edt\u00e9s\u00e9t szolg\u00e1lja azok sz\u00e1m\u00e1ra, akik sz\u00e9lesebb markolatot kedvelnek. R\u00e1pattinthat\u00f3 a szabv\u00e1nyos sz\u00e9less\u00e9g\u0171 alkarra.<\/p>","protected":false},"featured_media":9045,"template":"","meta":{"_gspb_post_css":""},"product_brand":[],"product_cat":[1821,1875,1855,1854,1820],"product_tag":[],"class_list":{"0":"post-14332","1":"product","2":"type-product","3":"status-publish","4":"has-post-thumbnail","6":"product_cat-gulovnice-zbrane-b-c","7":"product_cat-pazby","8":"product_cat-prislusenstvo-tikka","9":"product_cat-tikka","10":"product_cat-zbrane-b-c","12":"first","13":"instock","14":"taxable","15":"shipping-taxable","16":"purchasable","17":"product-type-simple"},"ct_brands":[],"_links":{"self":[{"href":"https:\/\/zbranebudai.sk\/hu\/wp-json\/wp\/v2\/product\/14332","targetHints":{"allow":["GET"]}}],"collection":[{"href":"https:\/\/zbranebudai.sk\/hu\/wp-json\/wp\/v2\/product"}],"about":[{"href":"https:\/\/zbranebudai.sk\/hu\/wp-json\/wp\/v2\/types\/product"}],"wp:featuredmedia":[{"embeddable":true,"href":"https:\/\/zbranebudai.sk\/hu\/wp-json\/wp\/v2\/media\/9045"}],"wp:attachment":[{"href":"https:\/\/zbranebudai.sk\/hu\/wp-json\/wp\/v2\/media?parent=14332"}],"wp:term":[{"taxonomy":"product_brand","embeddable":true,"href":"https:\/\/zbranebudai.sk\/hu\/wp-json\/wp\/v2\/product_brand?post=14332"},{"taxonomy":"product_cat","embeddable":true,"href":"https:\/\/zbranebudai.sk\/hu\/wp-json\/wp\/v2\/product_cat?post=14332"},{"taxonomy":"product_tag","embeddable":true,"href":"https:\/\/zbranebudai.sk\/hu\/wp-json\/wp\/v2\/product_tag?post=14332"}],"curies":[{"name":"wp","href":"https:\/\/api.w.org\/{rel}","templated":true}]}}