{"id":14331,"date":"2025-02-17T17:56:42","date_gmt":"2025-02-17T15:56:42","guid":{"rendered":"https:\/\/zbranebudai.sk\/product\/pistolova-rukovat-vertikalna-t3x-seda\/"},"modified":"2026-03-24T12:57:08","modified_gmt":"2026-03-24T10:57:08","slug":"pisztolykesztyu-fuggoleges-t3x-szurke","status":"publish","type":"product","link":"https:\/\/zbranebudai.sk\/hu\/product\/pistolova-rukovat-vertikalna-t3x-seda\/","title":{"rendered":"Pisztolymarkolat f\u00fcgg\u0151leges T3x sz\u00fcrke"},"content":{"rendered":"","protected":false},"excerpt":{"rendered":"<p>Kompatibilis a Tikka T3x szintetikus sz\u00e1rakkal. A fegyverhez mell\u00e9kelt csavarral szerelhet\u0151.<\/p>","protected":false},"featured_media":9043,"template":"","meta":{"_gspb_post_css":""},"product_brand":[],"product_cat":[1821,1875,1855,1854,1820],"product_tag":[],"class_list":{"0":"post-14331","1":"product","2":"type-product","3":"status-publish","4":"has-post-thumbnail","6":"product_cat-gulovnice-zbrane-b-c","7":"product_cat-pazby","8":"product_cat-prislusenstvo-tikka","9":"product_cat-tikka","10":"product_cat-zbrane-b-c","12":"first","13":"outofstock","14":"taxable","15":"shipping-taxable","16":"purchasable","17":"product-type-simple"},"ct_brands":[],"_links":{"self":[{"href":"https:\/\/zbranebudai.sk\/hu\/wp-json\/wp\/v2\/product\/14331","targetHints":{"allow":["GET"]}}],"collection":[{"href":"https:\/\/zbranebudai.sk\/hu\/wp-json\/wp\/v2\/product"}],"about":[{"href":"https:\/\/zbranebudai.sk\/hu\/wp-json\/wp\/v2\/types\/product"}],"wp:featuredmedia":[{"embeddable":true,"href":"https:\/\/zbranebudai.sk\/hu\/wp-json\/wp\/v2\/media\/9043"}],"wp:attachment":[{"href":"https:\/\/zbranebudai.sk\/hu\/wp-json\/wp\/v2\/media?parent=14331"}],"wp:term":[{"taxonomy":"product_brand","embeddable":true,"href":"https:\/\/zbranebudai.sk\/hu\/wp-json\/wp\/v2\/product_brand?post=14331"},{"taxonomy":"product_cat","embeddable":true,"href":"https:\/\/zbranebudai.sk\/hu\/wp-json\/wp\/v2\/product_cat?post=14331"},{"taxonomy":"product_tag","embeddable":true,"href":"https:\/\/zbranebudai.sk\/hu\/wp-json\/wp\/v2\/product_tag?post=14331"}],"curies":[{"name":"wp","href":"https:\/\/api.w.org\/{rel}","templated":true}]}}