{"id":14328,"date":"2025-02-17T17:56:41","date_gmt":"2025-02-17T15:56:41","guid":{"rendered":"https:\/\/zbranebudai.sk\/product\/hk-sp5-kal-9x19\/"},"modified":"2026-04-16T04:51:51","modified_gmt":"2026-04-16T02:51:51","slug":"hk-sp5-cal-9x19","status":"publish","type":"product","link":"https:\/\/zbranebudai.sk\/hu\/product\/hk-sp5-kal-9x19\/","title":{"rendered":"HK SP5, cal. 9\u00d719"},"content":{"rendered":"<p>Param\u00e9terek:\u00a0<\/p>\n<p>Cs\u0151hossz: 225 mm<br \/>\nTeljes hossz: 680 mm<br \/>\nSz\u00e9less\u00e9g: 63 mm<br \/>\nMagass\u00e1g: 220 mm<br \/>\nSz\u00e1nd\u00e9kos hossz: 330 mm<br \/>\nKiold\u00f3 ellen\u00e1ll\u00e1s: 30 - 45 N<br \/>\nBiztos\u00edt\u00f3: k\u00e9zi k\u00e9toldalas<br \/>\nT\u00e1rkapacit\u00e1s: 10 t\u00f6lt\u00e9ny (mell\u00e9kelve), 15 \u00e9s 30 t\u00f6lt\u00e9nyes t\u00e1rak kaphat\u00f3k.\u00a0<br \/>\nC\u00e9lpont: forg\u00f3 (dioptria) - 4 k\u00fcl\u00f6nb\u00f6z\u0151 poz\u00edci\u00f3val<br \/>\nS\u00faly: 2,80 kg (t\u00e1rral, t\u00f6lt\u00e9nyek n\u00e9lk\u00fcl)<\/p>","protected":false},"excerpt":{"rendered":"<p>HK SP5 - \u00f6nt\u00f6lt\u0151, r\u00f6vid goly\u00f3s fegyver r\u00f6gz\u00edtett sz\u00e1rral. Ez a legend\u00e1s MP5 polg\u00e1ri \u00f6nt\u00f6lt\u0151 v\u00e1ltozata 9\u00d719-es kaliberben. Az SP5 minden v\u00e1ltozata teljesen megegyezik az MP5-\u00f6ssel, k\u00fcl\u00f6n\u00f6sen a t\u00e1rcsatlakoz\u00f3, az \u00e1llom\u00e1ny, az el\u00fcls\u0151 markolat \u00e9s az ir\u00e1nyz\u00e9k.<\/p>","protected":false},"featured_media":9035,"template":"","meta":{"_gspb_post_css":""},"product_brand":[],"product_cat":[1865,1864,1963,1820],"product_tag":[],"class_list":{"0":"post-14328","1":"product","2":"type-product","3":"status-publish","4":"has-post-thumbnail","6":"product_cat-heckler-koch-pistole-zbrane-b-c","7":"product_cat-pistole-zbrane-b-c","8":"product_cat-sp5","9":"product_cat-zbrane-b-c","11":"first","12":"outofstock","13":"taxable","14":"shipping-taxable","15":"purchasable","16":"product-type-simple"},"ct_brands":[],"_links":{"self":[{"href":"https:\/\/zbranebudai.sk\/hu\/wp-json\/wp\/v2\/product\/14328","targetHints":{"allow":["GET"]}}],"collection":[{"href":"https:\/\/zbranebudai.sk\/hu\/wp-json\/wp\/v2\/product"}],"about":[{"href":"https:\/\/zbranebudai.sk\/hu\/wp-json\/wp\/v2\/types\/product"}],"wp:featuredmedia":[{"embeddable":true,"href":"https:\/\/zbranebudai.sk\/hu\/wp-json\/wp\/v2\/media\/9035"}],"wp:attachment":[{"href":"https:\/\/zbranebudai.sk\/hu\/wp-json\/wp\/v2\/media?parent=14328"}],"wp:term":[{"taxonomy":"product_brand","embeddable":true,"href":"https:\/\/zbranebudai.sk\/hu\/wp-json\/wp\/v2\/product_brand?post=14328"},{"taxonomy":"product_cat","embeddable":true,"href":"https:\/\/zbranebudai.sk\/hu\/wp-json\/wp\/v2\/product_cat?post=14328"},{"taxonomy":"product_tag","embeddable":true,"href":"https:\/\/zbranebudai.sk\/hu\/wp-json\/wp\/v2\/product_tag?post=14328"}],"curies":[{"name":"wp","href":"https:\/\/api.w.org\/{rel}","templated":true}]}}