{"id":14317,"date":"2025-02-17T17:56:40","date_gmt":"2025-02-17T15:56:40","guid":{"rendered":"https:\/\/zbranebudai.sk\/product\/podlozky-na-predlzenie-botky-pazby-pre-trg-t3x-tac-a1-4ks\/"},"modified":"2026-04-16T03:33:00","modified_gmt":"2026-04-16T01:33:00","slug":"karomhosszabbito-betetek-t3x-tac-a1-4db","status":"publish","type":"product","link":"https:\/\/zbranebudai.sk\/hu\/product\/podlozky-na-predlzenie-botky-pazby-pre-trg-t3x-tac-a1-4ks\/","title":{"rendered":"Rakt\u00e1ron l\u00e9v\u0151 hosszabb\u00edt\u00f3bet\u00e9tek TRG\/T3x TAC A1-hez (4db)"},"content":{"rendered":"","protected":false},"excerpt":{"rendered":"<p>Stock hosszabb\u00edt\u00f3 p\u00e1rn\u00e1k a SAKO TRG M10, 22\/42 A1 \u00e9s Tikka T3x TAC A1 modellekhez.<\/p>","protected":false},"featured_media":8829,"template":"","meta":{"_gspb_post_css":""},"product_brand":[],"product_cat":[1821,2038,1928,1822,1820],"product_tag":[],"class_list":{"0":"post-14317","1":"product","2":"type-product","3":"status-publish","4":"has-post-thumbnail","6":"product_cat-gulovnice-zbrane-b-c","7":"product_cat-pazby-prislusenstvo-sako","8":"product_cat-prislusenstvo-sako","9":"product_cat-sako","10":"product_cat-zbrane-b-c","12":"first","13":"instock","14":"taxable","15":"shipping-taxable","16":"purchasable","17":"product-type-simple"},"ct_brands":[],"_links":{"self":[{"href":"https:\/\/zbranebudai.sk\/hu\/wp-json\/wp\/v2\/product\/14317","targetHints":{"allow":["GET"]}}],"collection":[{"href":"https:\/\/zbranebudai.sk\/hu\/wp-json\/wp\/v2\/product"}],"about":[{"href":"https:\/\/zbranebudai.sk\/hu\/wp-json\/wp\/v2\/types\/product"}],"wp:featuredmedia":[{"embeddable":true,"href":"https:\/\/zbranebudai.sk\/hu\/wp-json\/wp\/v2\/media\/8829"}],"wp:attachment":[{"href":"https:\/\/zbranebudai.sk\/hu\/wp-json\/wp\/v2\/media?parent=14317"}],"wp:term":[{"taxonomy":"product_brand","embeddable":true,"href":"https:\/\/zbranebudai.sk\/hu\/wp-json\/wp\/v2\/product_brand?post=14317"},{"taxonomy":"product_cat","embeddable":true,"href":"https:\/\/zbranebudai.sk\/hu\/wp-json\/wp\/v2\/product_cat?post=14317"},{"taxonomy":"product_tag","embeddable":true,"href":"https:\/\/zbranebudai.sk\/hu\/wp-json\/wp\/v2\/product_tag?post=14317"}],"curies":[{"name":"wp","href":"https:\/\/api.w.org\/{rel}","templated":true}]}}