{"id":14302,"date":"2025-02-17T17:56:38","date_gmt":"2025-02-17T15:56:38","guid":{"rendered":"https:\/\/zbranebudai.sk\/product\/ruger-precision-rimfire-8402-kal-17hmr\/"},"modified":"2026-04-16T05:26:57","modified_gmt":"2026-04-16T03:26:57","slug":"ruger-precision-rimfire-8402-cal-17hmr","status":"publish","type":"product","link":"https:\/\/zbranebudai.sk\/hu\/product\/ruger-precision-rimfire-8402-kal-17hmr\/","title":{"rendered":"Ruger Precision Rimfire 8402, cal. .17HMR"},"content":{"rendered":"<p>Kompatibilis a Ruger \u00ae magnum rimfire t\u00e1rakkal, bele\u00e9rtve a JMX-1 forg\u00f3 t\u00e1rat \u00e9s a BX-15 \u00ae Magnum t\u00e1rat.<\/p>\n<p>PARAM\u00c9TEREK:<\/p>\n<p>Cs\u0151hossz: 457 mm (18 in)<br \/>\nTeljes hossz: 892 - 981 mm<br \/>\nA tart\u00e1ly kapacit\u00e1sa: 15<br \/>\nHord\u00f3 oszt\u00e1s: 1:9<br \/>\nPicatinny s\u00edn: igen<br \/>\nAnyag: ac\u00e9l<br \/>\nK\u00e9szlet: \u00e1ll\u00edthat\u00f3<br \/>\nS\u00faly: 3,1 kg<\/p>","protected":false},"excerpt":{"rendered":"<p>A Ruger Precision Rimfire kis kaliber\u0171 ism\u00e9tl\u0151puska, amely a n\u00e9pszer\u0171 Ruger Precision modellen alapul, ugyanazokkal a nagyszer\u0171 tulajdons\u00e1gokkal rendelkezik, mint el\u0151dje. Az \u00fcvegsz\u00e1l-er\u0151s\u00edt\u00e9s\u0171 polimerb\u0151l k\u00e9sz\u00fclt, \u00f6nt\u00f6tt, egy darabb\u00f3l \u00e1ll\u00f3 v\u00e1z nagy szil\u00e1rds\u00e1got, merevs\u00e9get \u00e9s stabilit\u00e1st biztos\u00edt. Hidegen kov\u00e1csolt cs\u0151 1\/2\u2033-28-as menettel a nagy pontoss\u00e1g \u00e9rdek\u00e9ben. A puska AR-st\u00edlus\u00fa pisztolymarkolattal rendelkezik, alum\u00ednium, szabadon lebeg\u0151 15\u2033-es markolattal, Magpul M-LOK rendszerrel. A Precision Rimfire Quick-Fit taktikai sz\u00e1r, lehet\u0151v\u00e9 teszi az arcpofa hossz\u00e1nak \u00e9s magass\u00e1g\u00e1nak gyors \u00e9s egyszer\u0171 be\u00e1ll\u00edt\u00e1s\u00e1t, \u00e9s t\u00f6k\u00e9letesen alkalmazkodik minden l\u00f6v\u00e9szhez.<\/p>","protected":false},"featured_media":8791,"template":"","meta":{"_gspb_post_css":""},"product_brand":[],"product_cat":[1821,1837,2022,1820],"product_tag":[],"class_list":{"0":"post-14302","1":"product","2":"type-product","3":"status-publish","4":"has-post-thumbnail","6":"product_cat-gulovnice-zbrane-b-c","7":"product_cat-ruger","8":"product_cat-ruger-precision-rimfire","9":"product_cat-zbrane-b-c","11":"first","12":"outofstock","13":"taxable","14":"shipping-taxable","15":"purchasable","16":"product-type-simple"},"ct_brands":[],"_links":{"self":[{"href":"https:\/\/zbranebudai.sk\/hu\/wp-json\/wp\/v2\/product\/14302","targetHints":{"allow":["GET"]}}],"collection":[{"href":"https:\/\/zbranebudai.sk\/hu\/wp-json\/wp\/v2\/product"}],"about":[{"href":"https:\/\/zbranebudai.sk\/hu\/wp-json\/wp\/v2\/types\/product"}],"wp:featuredmedia":[{"embeddable":true,"href":"https:\/\/zbranebudai.sk\/hu\/wp-json\/wp\/v2\/media\/8791"}],"wp:attachment":[{"href":"https:\/\/zbranebudai.sk\/hu\/wp-json\/wp\/v2\/media?parent=14302"}],"wp:term":[{"taxonomy":"product_brand","embeddable":true,"href":"https:\/\/zbranebudai.sk\/hu\/wp-json\/wp\/v2\/product_brand?post=14302"},{"taxonomy":"product_cat","embeddable":true,"href":"https:\/\/zbranebudai.sk\/hu\/wp-json\/wp\/v2\/product_cat?post=14302"},{"taxonomy":"product_tag","embeddable":true,"href":"https:\/\/zbranebudai.sk\/hu\/wp-json\/wp\/v2\/product_tag?post=14302"}],"curies":[{"name":"wp","href":"https:\/\/api.w.org\/{rel}","templated":true}]}}