{"id":14301,"date":"2025-02-17T17:56:38","date_gmt":"2025-02-17T15:56:38","guid":{"rendered":"https:\/\/zbranebudai.sk\/product\/tikka-t3x-varmint-lh-kal-308win-ns-st-5rd-20in-mt18x1\/"},"modified":"2026-04-23T08:17:19","modified_gmt":"2026-04-23T06:17:19","slug":"tikka-t3x-varmint-lh-kal-308win-ns-st-5rd-20in-mt18x1","status":"publish","type":"product","link":"https:\/\/zbranebudai.sk\/hu\/product\/tikka-t3x-varmint-lh-kal-308win-ns-st-5rd-20in-mt18x1\/","title":{"rendered":"Tikka T3x Varmint LH, cal. 308Win. (NS ST 5rd 20in MT18x1)"},"content":{"rendered":"<p>Param\u00e9terek:<\/p>\n<p>Cs\u0151hossz: 508 mm (20 in)<br \/>\nTeljes hossz: 1029 mm<br \/>\nT\u00e1lcakapacit\u00e1s: 5<br \/>\nHord\u00f3 oszt\u00e1s: 1:10<br \/>\nPicatinny s\u00edn: nem<br \/>\nAnyag: feket\u00e9re festett ac\u00e9l<br \/>\nS\u00faly: 3,5 kg<\/p>","protected":false},"excerpt":{"rendered":"<p>A Tikka T3x Varmint a megfelel\u0151 eszk\u00f6z a t\u00e1vols\u00e1gi vad\u00e1szathoz. A Tikka T3x Varmint szabadon lebeg\u0151, f\u00e9lneh\u00e9z cs\u00f6ve hat\u00e9konyan kik\u00fcsz\u00f6b\u00f6li a vibr\u00e1ci\u00f3t, \u00e9s nem melegszik t\u00fal, m\u00e9g gyors l\u00f6v\u00e9ssorozat eset\u00e9n sem. A szintetikus sz\u00e1r k\u00fcl\u00f6n\u00f6sen sz\u00e9les el\u0151markolattal rendelkezik a biztos t\u00e1maszt\u00e1s \u00e9rdek\u00e9ben, \u00e9s a szemlyuk seg\u00edts\u00e9g\u00e9vel bipodot vagy hevedert r\u00f6gz\u00edthet.  Az ergonomikusan kialak\u00edtott, nagym\u00e9ret\u0171 c\u00e9lt\u00e1vcs\u0151vel ell\u00e1tott orrpofa k\u00e9nyelmet biztos\u00edt c\u00e9lz\u00e1s k\u00f6zben. F\u00fcgg\u0151leges pisztolymarkolattal ell\u00e1tott szintetikus sz\u00e1rral rendelkezik, amely jobban megfelel a fekve l\u00f6v\u00e9shez.<\/p>","protected":false},"featured_media":8789,"template":"","meta":{"_gspb_post_css":""},"product_brand":[],"product_cat":[1821,1958,1854,1861,1820],"product_tag":[],"class_list":{"0":"post-14301","1":"product","2":"type-product","3":"status-publish","4":"has-post-thumbnail","6":"product_cat-gulovnice-zbrane-b-c","7":"product_cat-t3x-varmint","8":"product_cat-tikka","9":"product_cat-tikka-t3x","10":"product_cat-zbrane-b-c","12":"first","13":"outofstock","14":"taxable","15":"shipping-taxable","16":"purchasable","17":"product-type-simple"},"ct_brands":[],"_links":{"self":[{"href":"https:\/\/zbranebudai.sk\/hu\/wp-json\/wp\/v2\/product\/14301","targetHints":{"allow":["GET"]}}],"collection":[{"href":"https:\/\/zbranebudai.sk\/hu\/wp-json\/wp\/v2\/product"}],"about":[{"href":"https:\/\/zbranebudai.sk\/hu\/wp-json\/wp\/v2\/types\/product"}],"wp:featuredmedia":[{"embeddable":true,"href":"https:\/\/zbranebudai.sk\/hu\/wp-json\/wp\/v2\/media\/8789"}],"wp:attachment":[{"href":"https:\/\/zbranebudai.sk\/hu\/wp-json\/wp\/v2\/media?parent=14301"}],"wp:term":[{"taxonomy":"product_brand","embeddable":true,"href":"https:\/\/zbranebudai.sk\/hu\/wp-json\/wp\/v2\/product_brand?post=14301"},{"taxonomy":"product_cat","embeddable":true,"href":"https:\/\/zbranebudai.sk\/hu\/wp-json\/wp\/v2\/product_cat?post=14301"},{"taxonomy":"product_tag","embeddable":true,"href":"https:\/\/zbranebudai.sk\/hu\/wp-json\/wp\/v2\/product_tag?post=14301"}],"curies":[{"name":"wp","href":"https:\/\/api.w.org\/{rel}","templated":true}]}}