{"id":14292,"date":"2025-02-17T17:56:37","date_gmt":"2025-02-17T15:56:37","guid":{"rendered":"https:\/\/zbranebudai.sk\/product\/nastavitelne-fosforeskujuce-mieridla-pre-p30-sfp-hk45\/"},"modified":"2026-04-16T04:17:10","modified_gmt":"2026-04-16T02:17:10","slug":"allithato-foszforeszkalo-celzokeszulek-p30-sfp-hk45-hez","status":"publish","type":"product","link":"https:\/\/zbranebudai.sk\/hu\/product\/nastavitelne-fosforeskujuce-mieridla-pre-p30-sfp-hk45\/","title":{"rendered":"\u00c1ll\u00edthat\u00f3 foszforeszk\u00e1l\u00f3 c\u00e9lz\u00f3k\u00e9sz\u00fcl\u00e9k a P30\/SFP\/HK45-hez"},"content":{"rendered":"","protected":false},"excerpt":{"rendered":"<p>Foszforeszk\u00e1l\u00f3 c\u00e9lz\u00f3k\u00e9szlet P30, SFP \u00e9s HK45 fegyverekhez. Magass\u00e1gban \u00e9s oldalir\u00e1nyban \u00e1ll\u00edthat\u00f3 ir\u00e1nyz\u00e9k.<\/p>","protected":false},"featured_media":8772,"template":"","meta":{"_gspb_post_css":""},"product_brand":[],"product_cat":[1865,1959,2020,1864,1888,1820],"product_tag":[],"class_list":{"0":"post-14292","1":"product","2":"type-product","3":"status-publish","4":"has-post-thumbnail","6":"product_cat-heckler-koch-pistole-zbrane-b-c","7":"product_cat-mieridla","8":"product_cat-nastavitelne-mieridla","9":"product_cat-pistole-zbrane-b-c","10":"product_cat-prislusenstvo-heckler-koch","11":"product_cat-zbrane-b-c","13":"first","14":"outofstock","15":"taxable","16":"shipping-taxable","17":"purchasable","18":"product-type-simple"},"ct_brands":[],"_links":{"self":[{"href":"https:\/\/zbranebudai.sk\/hu\/wp-json\/wp\/v2\/product\/14292","targetHints":{"allow":["GET"]}}],"collection":[{"href":"https:\/\/zbranebudai.sk\/hu\/wp-json\/wp\/v2\/product"}],"about":[{"href":"https:\/\/zbranebudai.sk\/hu\/wp-json\/wp\/v2\/types\/product"}],"wp:featuredmedia":[{"embeddable":true,"href":"https:\/\/zbranebudai.sk\/hu\/wp-json\/wp\/v2\/media\/8772"}],"wp:attachment":[{"href":"https:\/\/zbranebudai.sk\/hu\/wp-json\/wp\/v2\/media?parent=14292"}],"wp:term":[{"taxonomy":"product_brand","embeddable":true,"href":"https:\/\/zbranebudai.sk\/hu\/wp-json\/wp\/v2\/product_brand?post=14292"},{"taxonomy":"product_cat","embeddable":true,"href":"https:\/\/zbranebudai.sk\/hu\/wp-json\/wp\/v2\/product_cat?post=14292"},{"taxonomy":"product_tag","embeddable":true,"href":"https:\/\/zbranebudai.sk\/hu\/wp-json\/wp\/v2\/product_tag?post=14292"}],"curies":[{"name":"wp","href":"https:\/\/api.w.org\/{rel}","templated":true}]}}