{"id":14284,"date":"2025-02-17T17:56:36","date_gmt":"2025-02-17T15:56:36","guid":{"rendered":"https:\/\/zbranebudai.sk\/product\/cielnik-kompletny-pre-revolver-gp100-h05900d\/"},"modified":"2026-04-16T04:41:52","modified_gmt":"2026-04-16T02:41:52","slug":"komplett-tar-revolverhez-gp100-h05900d","status":"publish","type":"product","link":"https:\/\/zbranebudai.sk\/hu\/product\/cielnik-kompletny-pre-revolver-gp100-h05900d\/","title":{"rendered":"Komplett c\u00e9lt\u00e1bla GP100 revolverhez (H05900D)"},"content":{"rendered":"","protected":false},"excerpt":{"rendered":"<p>Az E05904 (90036) c\u00e9lt\u00e1bla \"U\" alak\u00fa kiv\u00e1g\u00e1ssal Ruger GP100, Redhawk \u00e9s Super Redhawk revolverekhez illeszkedik.<\/p>","protected":false},"featured_media":8756,"template":"","meta":{"_gspb_post_css":""},"product_brand":[],"product_cat":[1917,1858,1859,1820],"product_tag":[],"class_list":{"0":"post-14284","1":"product","2":"type-product","3":"status-publish","4":"has-post-thumbnail","6":"product_cat-prislusenstvo-ruger-ruger-revolvery-zbrane-b-c","7":"product_cat-revolvery-zbrane-b-c","8":"product_cat-ruger-revolvery-zbrane-b-c","9":"product_cat-zbrane-b-c","11":"first","12":"outofstock","13":"taxable","14":"shipping-taxable","15":"purchasable","16":"product-type-simple"},"ct_brands":[],"_links":{"self":[{"href":"https:\/\/zbranebudai.sk\/hu\/wp-json\/wp\/v2\/product\/14284","targetHints":{"allow":["GET"]}}],"collection":[{"href":"https:\/\/zbranebudai.sk\/hu\/wp-json\/wp\/v2\/product"}],"about":[{"href":"https:\/\/zbranebudai.sk\/hu\/wp-json\/wp\/v2\/types\/product"}],"wp:featuredmedia":[{"embeddable":true,"href":"https:\/\/zbranebudai.sk\/hu\/wp-json\/wp\/v2\/media\/8756"}],"wp:attachment":[{"href":"https:\/\/zbranebudai.sk\/hu\/wp-json\/wp\/v2\/media?parent=14284"}],"wp:term":[{"taxonomy":"product_brand","embeddable":true,"href":"https:\/\/zbranebudai.sk\/hu\/wp-json\/wp\/v2\/product_brand?post=14284"},{"taxonomy":"product_cat","embeddable":true,"href":"https:\/\/zbranebudai.sk\/hu\/wp-json\/wp\/v2\/product_cat?post=14284"},{"taxonomy":"product_tag","embeddable":true,"href":"https:\/\/zbranebudai.sk\/hu\/wp-json\/wp\/v2\/product_tag?post=14284"}],"curies":[{"name":"wp","href":"https:\/\/api.w.org\/{rel}","templated":true}]}}