{"id":14282,"date":"2025-02-17T17:56:36","date_gmt":"2025-02-17T15:56:36","guid":{"rendered":"https:\/\/zbranebudai.sk\/product\/pistol-hs-sf19-5-25-kal-9x19\/"},"modified":"2025-07-12T16:26:37","modified_gmt":"2025-07-12T14:26:37","slug":"pisztoly-hs-sf19-5-25-kaliber-9x19","status":"publish","type":"product","link":"https:\/\/zbranebudai.sk\/hu\/product\/pistol-hs-sf19-5-25-kal-9x19\/","title":{"rendered":"Pisztoly HS SF19 5.25, cal. 9\u00d719"},"content":{"rendered":"<p>Param\u00e9terek:<\/p>\n<p>T\u00e1rkapacit\u00e1s: 19 t\u00f6lt\u00e9ny<br \/>\nSz\u00e1nd\u00e9kos hossz: 185 mm<br \/>\nCs\u0151hossz: 133 mm<br \/>\nTeljes hossz: 209,5 mm<br \/>\nSz\u00e9less\u00e9g: 36,5 mm<br \/>\nMagass\u00e1g: 146,5 mm<br \/>\nS\u00faly: 805 g (\u00fcres patronnal)<br \/>\nPatron s\u00falya: 85 g<\/p>\n<p>A csomag tartalma:<\/p>\n<p>Pisztoly: 1 db<br \/>\nT\u00e1lca: 3 db<br \/>\nCser\u00e9lhet\u0151 markolat h\u00e1tlapok: 2 db (+ harmadik a pisztolyban)<br \/>\nTiszt\u00edt\u00f3 k\u00e9szlet: 1 darab<br \/>\ntok: 1 db<\/p>","protected":false},"excerpt":{"rendered":"<p>HS SF19 5.25 alkalmas szem\u00e9lyi v\u00e9delemre \u00e9s versenyz\u00e9sre. Pisztoly kaliber. 9\u00d719-es, k\u00e9tsoros t\u00e1rral. V\u00f6r\u00f6s f\u00e9nyt vezet\u0151, oldalir\u00e1nyban \u00e1ll\u00edthat\u00f3 ir\u00e1nyz\u00e9k, magass\u00e1gban \u00e9s oldalir\u00e1nyban \u00e1ll\u00edthat\u00f3 c\u00e9lt\u00e1vcs\u0151, mindkett\u0151 ac\u00e9lb\u00f3l k\u00e9sz\u00fclt, a t\u00fckr\u00f6z\u0151d\u00e9s megakad\u00e1lyoz\u00e1s\u00e1ra szolg\u00e1l\u00f3 fogaz\u00e1ssal. A HS SF19 5,25 teny\u00e9rbiztos\u00edt\u00e1ssal, ravaszbiztos\u00edt\u00e1ssal, els\u00fct\u0151szegbiztos\u00edt\u00e1ssal, kamra t\u00f6lt\u00f6tts\u00e9gjelz\u0151vel \u00e9s els\u00fct\u0151szeg helyzetjelz\u0151vel rendelkezik. Tov\u00e1bbi jellemz\u0151k k\u00f6z\u00e9 tartozik az k\u00e9tkezes t\u00e1rkiold\u00f3 \u00e9s reteszz\u00e1r, a pikatinny s\u00edn, az agressz\u00edv markolat text\u00far\u00e1z\u00e1s, a cser\u00e9lhet\u0151 markolat h\u00e1tlapok (3 m\u00e9ret) \u00e9s a tov\u00e1bbfejlesztett ravasz r\u00f6videbb vissza\u00e1ll\u00edt\u00e1ssal. A megn\u00f6velt ravaszsug\u00e1r lehet\u0151v\u00e9 teszi a k\u00f6nny\u0171 kezelhet\u0151s\u00e9get m\u00e9g keszty\u0171ben is. A pisztoly h\u00e1rom nagy kapacit\u00e1s\u00fa rozsdamentes ac\u00e9l t\u00e1rral (19+1) \u00e9rkezik.<\/p>","protected":false},"featured_media":8746,"template":"","meta":{"_gspb_post_css":""},"product_brand":[],"product_cat":[1864,2033,2036,2034,1820],"product_tag":[],"class_list":{"0":"post-14282","1":"product","2":"type-product","3":"status-publish","4":"has-post-thumbnail","6":"product_cat-pistole-zbrane-b-c","7":"product_cat-springfield-armory-hs-produkt","8":"product_cat-xd-m-elite","9":"product_cat-xd","10":"product_cat-zbrane-b-c","12":"first","13":"outofstock","14":"taxable","15":"shipping-taxable","16":"purchasable","17":"product-type-simple"},"ct_brands":[],"_links":{"self":[{"href":"https:\/\/zbranebudai.sk\/hu\/wp-json\/wp\/v2\/product\/14282","targetHints":{"allow":["GET"]}}],"collection":[{"href":"https:\/\/zbranebudai.sk\/hu\/wp-json\/wp\/v2\/product"}],"about":[{"href":"https:\/\/zbranebudai.sk\/hu\/wp-json\/wp\/v2\/types\/product"}],"wp:featuredmedia":[{"embeddable":true,"href":"https:\/\/zbranebudai.sk\/hu\/wp-json\/wp\/v2\/media\/8746"}],"wp:attachment":[{"href":"https:\/\/zbranebudai.sk\/hu\/wp-json\/wp\/v2\/media?parent=14282"}],"wp:term":[{"taxonomy":"product_brand","embeddable":true,"href":"https:\/\/zbranebudai.sk\/hu\/wp-json\/wp\/v2\/product_brand?post=14282"},{"taxonomy":"product_cat","embeddable":true,"href":"https:\/\/zbranebudai.sk\/hu\/wp-json\/wp\/v2\/product_cat?post=14282"},{"taxonomy":"product_tag","embeddable":true,"href":"https:\/\/zbranebudai.sk\/hu\/wp-json\/wp\/v2\/product_tag?post=14282"}],"curies":[{"name":"wp","href":"https:\/\/api.w.org\/{rel}","templated":true}]}}