{"id":14267,"date":"2025-02-17T17:56:34","date_gmt":"2025-02-17T15:56:34","guid":{"rendered":"https:\/\/zbranebudai.sk\/product\/picatinny-lista-s-m-lok-pre-t3x-tac-a1-trg-22-42-a1\/"},"modified":"2026-04-09T01:18:53","modified_gmt":"2026-04-08T23:18:53","slug":"pikatinny-lista-m-ijjal-t3x-tac-a1-negyzet-22-42-a1hez","status":"publish","type":"product","link":"https:\/\/zbranebudai.sk\/hu\/product\/picatinny-lista-s-m-lok-pre-t3x-tac-a1-trg-22-42-a1\/","title":{"rendered":"Picatinny S M-LOK s\u00edn a T3x TAC A1, TRG-22\/42 A1 modellekhez"},"content":{"rendered":"","protected":false},"excerpt":{"rendered":"<p>R\u00f6vid (kb. 6 cm) ac\u00e9l pikatinny s\u00edn (adapter, M-LOK tartoz\u00e9ks\u00edn) TRG-22\/42 A1, T3x TAC A1 sz\u00e1m\u00e1ra, bipod \u00e9s egy\u00e9b tartoz\u00e9kok felszerel\u00e9s\u00e9hez.<\/p>","protected":false},"featured_media":8708,"template":"","meta":{"_gspb_post_css":""},"product_brand":[],"product_cat":[1879,1821,1855,1854,1820],"product_tag":[],"class_list":{"0":"post-14267","1":"product","2":"type-product","3":"status-publish","4":"has-post-thumbnail","6":"product_cat-doplnky","7":"product_cat-gulovnice-zbrane-b-c","8":"product_cat-prislusenstvo-tikka","9":"product_cat-tikka","10":"product_cat-zbrane-b-c","12":"first","13":"outofstock","14":"taxable","15":"shipping-taxable","16":"purchasable","17":"product-type-simple"},"ct_brands":[],"_links":{"self":[{"href":"https:\/\/zbranebudai.sk\/hu\/wp-json\/wp\/v2\/product\/14267","targetHints":{"allow":["GET"]}}],"collection":[{"href":"https:\/\/zbranebudai.sk\/hu\/wp-json\/wp\/v2\/product"}],"about":[{"href":"https:\/\/zbranebudai.sk\/hu\/wp-json\/wp\/v2\/types\/product"}],"wp:featuredmedia":[{"embeddable":true,"href":"https:\/\/zbranebudai.sk\/hu\/wp-json\/wp\/v2\/media\/8708"}],"wp:attachment":[{"href":"https:\/\/zbranebudai.sk\/hu\/wp-json\/wp\/v2\/media?parent=14267"}],"wp:term":[{"taxonomy":"product_brand","embeddable":true,"href":"https:\/\/zbranebudai.sk\/hu\/wp-json\/wp\/v2\/product_brand?post=14267"},{"taxonomy":"product_cat","embeddable":true,"href":"https:\/\/zbranebudai.sk\/hu\/wp-json\/wp\/v2\/product_cat?post=14267"},{"taxonomy":"product_tag","embeddable":true,"href":"https:\/\/zbranebudai.sk\/hu\/wp-json\/wp\/v2\/product_tag?post=14267"}],"curies":[{"name":"wp","href":"https:\/\/api.w.org\/{rel}","templated":true}]}}