{"id":14264,"date":"2025-02-17T17:56:34","date_gmt":"2025-02-17T15:56:34","guid":{"rendered":"https:\/\/zbranebudai.sk\/product\/tikka-t3x-compact-tactical-rifle-kal-65-creedmoor-ads-ns-10rd-pica-24in-mt5-8-24\/"},"modified":"2026-04-09T02:53:53","modified_gmt":"2026-04-09T00:53:53","slug":"tikka-t3x-kompakt-taktikai-puska-kal-65-creedmoor-ads-ns-10rd-pica-24in-24in-mt5-8-24","status":"publish","type":"product","link":"https:\/\/zbranebudai.sk\/hu\/product\/tikka-t3x-compact-tactical-rifle-kal-65-creedmoor-ads-ns-10rd-pica-24in-mt5-8-24\/","title":{"rendered":"Tikka T3x kompakt taktikai puska, cal. 6,5 Creedmoor, ADS (NS 10rd PICA 24in MT5\/8-24)"},"content":{"rendered":"<p>PARAM\u00c9TEREK:<\/p>\n<p>Cs\u0151hossz: 610 mm (24 in)<br \/>\nTeljes hossz: 1131 mm<br \/>\nA tart\u00e1ly kapacit\u00e1sa: 10<br \/>\nA cs\u0151 furat\u00e1nak oszt\u00e1sa: 1:8<br \/>\nPicatinny s\u00edn: igen<br \/>\nAnyag: ac\u00e9l<br \/>\n\u00cdg\u00e9ret: Szintetikus<br \/>\nS\u00faly: 3,9 kg<\/p>","protected":false},"excerpt":{"rendered":"<p>A Tikka T3x kompakt taktikai puska egy t\u00f6bbc\u00e9l\u00fa fegyver, amely k\u00fcl\u00f6n\u00f6sen alkalmas a maxim\u00e1lis pontoss\u00e1got ig\u00e9nyl\u0151 taktikai \u00e9s sportl\u00f6v\u00e9szetre. A T3x Compact Tactical Rifle k\u00f6nny\u0171 polimer ADS \u00e1ll\u00edthat\u00f3 sz\u00e1rral, f\u00fcgg\u0151legesen kurblis markolattal \u00e9s 10 l\u00f6v\u00e9ses ac\u00e9l t\u00e1rral van felszerelve.<\/p>","protected":false},"featured_media":8692,"template":"","meta":{"_gspb_post_css":""},"product_brand":[],"product_cat":[1821,1960,1854,1861,1820],"product_tag":[],"class_list":{"0":"post-14264","1":"product","2":"type-product","3":"status-publish","4":"has-post-thumbnail","6":"product_cat-gulovnice-zbrane-b-c","7":"product_cat-t3x-compact-tactical-rifle","8":"product_cat-tikka","9":"product_cat-tikka-t3x","10":"product_cat-zbrane-b-c","12":"first","13":"instock","14":"taxable","15":"shipping-taxable","16":"purchasable","17":"product-type-simple"},"ct_brands":[],"_links":{"self":[{"href":"https:\/\/zbranebudai.sk\/hu\/wp-json\/wp\/v2\/product\/14264","targetHints":{"allow":["GET"]}}],"collection":[{"href":"https:\/\/zbranebudai.sk\/hu\/wp-json\/wp\/v2\/product"}],"about":[{"href":"https:\/\/zbranebudai.sk\/hu\/wp-json\/wp\/v2\/types\/product"}],"wp:featuredmedia":[{"embeddable":true,"href":"https:\/\/zbranebudai.sk\/hu\/wp-json\/wp\/v2\/media\/8692"}],"wp:attachment":[{"href":"https:\/\/zbranebudai.sk\/hu\/wp-json\/wp\/v2\/media?parent=14264"}],"wp:term":[{"taxonomy":"product_brand","embeddable":true,"href":"https:\/\/zbranebudai.sk\/hu\/wp-json\/wp\/v2\/product_brand?post=14264"},{"taxonomy":"product_cat","embeddable":true,"href":"https:\/\/zbranebudai.sk\/hu\/wp-json\/wp\/v2\/product_cat?post=14264"},{"taxonomy":"product_tag","embeddable":true,"href":"https:\/\/zbranebudai.sk\/hu\/wp-json\/wp\/v2\/product_tag?post=14264"}],"curies":[{"name":"wp","href":"https:\/\/api.w.org\/{rel}","templated":true}]}}