{"id":14263,"date":"2025-02-17T17:56:34","date_gmt":"2025-02-17T15:56:34","guid":{"rendered":"https:\/\/zbranebudai.sk\/product\/ruger-sr1911-officer-style-6762-kal-45-auto\/"},"modified":"2026-01-17T13:59:31","modified_gmt":"2026-01-17T11:59:31","slug":"ruger-sr1911-officer-style-6762-cal-45-auto","status":"publish","type":"product","link":"https:\/\/zbranebudai.sk\/hu\/product\/ruger-sr1911-officer-style-6762-kal-45-auto\/","title":{"rendered":"Ruger SR1911 Officer-Style 6762, cal. .45 Auto"},"content":{"rendered":"<p>PARAM\u00c9TEREK:<\/p>\n<p>T\u00e1lcakapacit\u00e1s: 7<br \/>\nCs\u0151hossz: 91 mm (3.6\u2033)<br \/>\nTeljes hossz: 184 mm<br \/>\nSz\u00e9less\u00e9g: 34 mm<br \/>\nMagass\u00e1g: 127 mm<br \/>\nCs\u0151oszt\u00e1s: 1:16\u2033 RH<br \/>\nS\u00faly: 879 g<\/p>","protected":false},"excerpt":{"rendered":"<p>A Ruger SR1911 Officer-Style 6762 a klasszikus 1911-es kompakt v\u00e1ltozata, amely alkalmas hordoz\u00e1sra \u00e9s \u00f6nv\u00e9delemre. Prec\u00edzi\u00f3s kivitelez\u00e9ssel, rozsdamentes ac\u00e9lcs\u0151vel \u00e9s k\u00f6nny\u0171 alum\u00edniumszerkezettel rendelkezik, hagyom\u00e1nyos kivitelben, matt rozsdamentes kivitelben, cser\u00e9lhet\u0151 Deluxe Checkered G10 markolatpanelekkel \u00e9s h\u00e1ts\u00f3 r\u00e9sz\u00e9n sakkt\u00e1bl\u00e1s d\u00edsz\u00edt\u00e9ssel. A csontv\u00e1zas alum\u00ednium ravasz nagyon \u00e9les, k\u00f6nny\u0171 fog\u00e1st biztos\u00edt gyors vissza\u00e1ll\u00edt\u00e1ssal. A Ruger SR1911 Officer-Style 6762 k\u00e9zi biztos\u00edt\u00e9kkal, markolatbiztos\u00edt\u00e1ssal, t\u00f6lt\u00f6tt kamra jelz\u0151vel \u00e9s szkeletoniz\u00e1lt kalap\u00e1ccsal rendelkezik tit\u00e1n \u00fct\u0151szeggel. Tartalmaz 2 rozsdamentes ac\u00e9l t\u00e1rat.<\/p>","protected":false},"featured_media":8690,"template":"","meta":{"_gspb_post_css":""},"product_brand":[],"product_cat":[1864,1877,1927,1820],"product_tag":[],"class_list":{"0":"post-14263","1":"product","2":"type-product","3":"status-publish","4":"has-post-thumbnail","6":"product_cat-pistole-zbrane-b-c","7":"product_cat-ruger-pistole-zbrane-b-c","8":"product_cat-sr1911","9":"product_cat-zbrane-b-c","11":"first","12":"outofstock","13":"taxable","14":"shipping-taxable","15":"purchasable","16":"product-type-simple"},"ct_brands":[],"_links":{"self":[{"href":"https:\/\/zbranebudai.sk\/hu\/wp-json\/wp\/v2\/product\/14263","targetHints":{"allow":["GET"]}}],"collection":[{"href":"https:\/\/zbranebudai.sk\/hu\/wp-json\/wp\/v2\/product"}],"about":[{"href":"https:\/\/zbranebudai.sk\/hu\/wp-json\/wp\/v2\/types\/product"}],"wp:featuredmedia":[{"embeddable":true,"href":"https:\/\/zbranebudai.sk\/hu\/wp-json\/wp\/v2\/media\/8690"}],"wp:attachment":[{"href":"https:\/\/zbranebudai.sk\/hu\/wp-json\/wp\/v2\/media?parent=14263"}],"wp:term":[{"taxonomy":"product_brand","embeddable":true,"href":"https:\/\/zbranebudai.sk\/hu\/wp-json\/wp\/v2\/product_brand?post=14263"},{"taxonomy":"product_cat","embeddable":true,"href":"https:\/\/zbranebudai.sk\/hu\/wp-json\/wp\/v2\/product_cat?post=14263"},{"taxonomy":"product_tag","embeddable":true,"href":"https:\/\/zbranebudai.sk\/hu\/wp-json\/wp\/v2\/product_tag?post=14263"}],"curies":[{"name":"wp","href":"https:\/\/api.w.org\/{rel}","templated":true}]}}