{"id":14261,"date":"2025-02-17T17:56:33","date_gmt":"2025-02-17T15:56:33","guid":{"rendered":"https:\/\/zbranebudai.sk\/product\/ruger-lcrx-5444-kal-357mag\/"},"modified":"2026-04-16T03:35:58","modified_gmt":"2026-04-16T01:35:58","slug":"ruger-lcrx-5444-cal-357mag","status":"publish","type":"product","link":"https:\/\/zbranebudai.sk\/hu\/product\/ruger-lcrx-5444-kal-357mag\/","title":{"rendered":"Ruger LCRx 5444, cal. .357Mag"},"content":{"rendered":"<p>PARAM\u00c9TEREK:<\/p>\n<p>Kapacit\u00e1s: 5 t\u00f6lt\u00e9ny<br \/>\nCs\u0151hossz: 76 mm (3\u2033)<br \/>\nTeljes hossz: 190 mm<br \/>\nCs\u0151oszt\u00e1s: 1:16\u2033 RH<br \/>\nAnyag: ac\u00e9l + matt fekete<br \/>\nS\u00faly: 604 g<\/p>","protected":false},"excerpt":{"rendered":"<p>A Ruger LCRx sorozata a dupla-akci\u00f3s revolverek k\u00fcl\u00f6nb\u00f6zik az LCR-t\u0151l az\u00e1ltal, hogy k\u00fcls\u0151 \u00fct\u0151kakas hozz\u00e1ad\u00e1s\u00e1val lehet\u0151v\u00e9 teszi az egyszeri m\u0171k\u00f6dtet\u00e9st. Monolitikus v\u00e1z \u00e1ll\u00edthat\u00f3 c\u00e9lz\u00f3k\u00e9sz\u00fcl\u00e9kkel \u00e9s cser\u00e9lhet\u0151 lemezzel. Szabadalmaztatott s\u00farl\u00f3d\u00e1scs\u00f6kkent\u0151 b\u00fcty\u00f6k a sima ravaszh\u00faz\u00e1s\u00e9rt. Rozsdamentes ac\u00e9l henger PVD bevonattal a kiv\u00e1l\u00f3 tart\u00f3ss\u00e1g \u00e9rdek\u00e9ben. Hogue \u00ae Tamer Monogrip \u00ae cs\u00f6kkenti az \u00e9rz\u00e9kelhet\u0151 visszar\u00fag\u00e1st. Lehet\u0151s\u00e9g m\u00e1s markolatok, vagy egyedi markolatok felszerel\u00e9s\u00e9re.<\/p>","protected":false},"featured_media":8682,"template":"","meta":{"_gspb_post_css":""},"product_brand":[],"product_cat":[1907,1858,1859,1820],"product_tag":[],"class_list":{"0":"post-14261","1":"product","2":"type-product","3":"status-publish","4":"has-post-thumbnail","6":"product_cat-lcr","7":"product_cat-revolvery-zbrane-b-c","8":"product_cat-ruger-revolvery-zbrane-b-c","9":"product_cat-zbrane-b-c","11":"first","12":"instock","13":"taxable","14":"shipping-taxable","15":"purchasable","16":"product-type-simple"},"ct_brands":[],"_links":{"self":[{"href":"https:\/\/zbranebudai.sk\/hu\/wp-json\/wp\/v2\/product\/14261","targetHints":{"allow":["GET"]}}],"collection":[{"href":"https:\/\/zbranebudai.sk\/hu\/wp-json\/wp\/v2\/product"}],"about":[{"href":"https:\/\/zbranebudai.sk\/hu\/wp-json\/wp\/v2\/types\/product"}],"wp:featuredmedia":[{"embeddable":true,"href":"https:\/\/zbranebudai.sk\/hu\/wp-json\/wp\/v2\/media\/8682"}],"wp:attachment":[{"href":"https:\/\/zbranebudai.sk\/hu\/wp-json\/wp\/v2\/media?parent=14261"}],"wp:term":[{"taxonomy":"product_brand","embeddable":true,"href":"https:\/\/zbranebudai.sk\/hu\/wp-json\/wp\/v2\/product_brand?post=14261"},{"taxonomy":"product_cat","embeddable":true,"href":"https:\/\/zbranebudai.sk\/hu\/wp-json\/wp\/v2\/product_cat?post=14261"},{"taxonomy":"product_tag","embeddable":true,"href":"https:\/\/zbranebudai.sk\/hu\/wp-json\/wp\/v2\/product_tag?post=14261"}],"curies":[{"name":"wp","href":"https:\/\/api.w.org\/{rel}","templated":true}]}}