{"id":14258,"date":"2025-02-17T17:56:33","date_gmt":"2025-02-17T15:56:33","guid":{"rendered":"https:\/\/zbranebudai.sk\/product\/ruger-american-rimfire-target-8360-kal-22lr\/"},"modified":"2026-01-17T13:10:30","modified_gmt":"2026-01-17T11:10:30","slug":"ruger-american-rimfire-target-8360-cal-22lr","status":"publish","type":"product","link":"https:\/\/zbranebudai.sk\/hu\/product\/ruger-american-rimfire-target-8360-kal-22lr\/","title":{"rendered":"Ruger American Rimfire Target 8360, cal. .22LR"},"content":{"rendered":"<p>PARAM\u00c9TEREK:<\/p>\n<p>Cs\u0151hossz: 457 mm (18 in)<br \/>\nTeljes hossz: 940 mm<br \/>\nA tart\u00e1ly kapacit\u00e1sa: 10<br \/>\nHord\u00f3nagys\u00e1g: 1:16<br \/>\nPicatinny s\u00edn: igen<br \/>\nAnyag: ac\u00e9l<br \/>\nK\u00e9szlet: lamin\u00e1lt<br \/>\nS\u00faly: 3,0 kg<\/p>","protected":false},"excerpt":{"rendered":"<p>Ruger American Rimfire ism\u00e9tl\u0151puska, amely fejlett anyagokb\u00f3l k\u00e9sz\u00fclt, a praktikumra \u00e9s a megfizethet\u0151s\u00e9gre helyezve a hangs\u00falyt. A modern kont\u00faroz\u00e1s \u00e9s a cs\u00fasz\u00e1smentes text\u00fara a pisztolymarkolaton \u00e9s az el\u0151markolaton szil\u00e1rd fog\u00e1st biztos\u00edt m\u00e9g kedvez\u0151tlen id\u0151j\u00e1r\u00e1si k\u00f6r\u00fclm\u00e9nyek k\u00f6z\u00f6tt is.<\/p>","protected":false},"featured_media":8676,"template":"","meta":{"_gspb_post_css":""},"product_brand":[],"product_cat":[1821,1837,1941,1820],"product_tag":[],"class_list":{"0":"post-14258","1":"product","2":"type-product","3":"status-publish","4":"has-post-thumbnail","6":"product_cat-gulovnice-zbrane-b-c","7":"product_cat-ruger","8":"product_cat-ruger-american-rimfire","9":"product_cat-zbrane-b-c","11":"first","12":"outofstock","13":"taxable","14":"shipping-taxable","15":"purchasable","16":"product-type-simple"},"ct_brands":[],"_links":{"self":[{"href":"https:\/\/zbranebudai.sk\/hu\/wp-json\/wp\/v2\/product\/14258","targetHints":{"allow":["GET"]}}],"collection":[{"href":"https:\/\/zbranebudai.sk\/hu\/wp-json\/wp\/v2\/product"}],"about":[{"href":"https:\/\/zbranebudai.sk\/hu\/wp-json\/wp\/v2\/types\/product"}],"wp:featuredmedia":[{"embeddable":true,"href":"https:\/\/zbranebudai.sk\/hu\/wp-json\/wp\/v2\/media\/8676"}],"wp:attachment":[{"href":"https:\/\/zbranebudai.sk\/hu\/wp-json\/wp\/v2\/media?parent=14258"}],"wp:term":[{"taxonomy":"product_brand","embeddable":true,"href":"https:\/\/zbranebudai.sk\/hu\/wp-json\/wp\/v2\/product_brand?post=14258"},{"taxonomy":"product_cat","embeddable":true,"href":"https:\/\/zbranebudai.sk\/hu\/wp-json\/wp\/v2\/product_cat?post=14258"},{"taxonomy":"product_tag","embeddable":true,"href":"https:\/\/zbranebudai.sk\/hu\/wp-json\/wp\/v2\/product_tag?post=14258"}],"curies":[{"name":"wp","href":"https:\/\/api.w.org\/{rel}","templated":true}]}}