{"id":14253,"date":"2025-02-17T17:56:33","date_gmt":"2025-02-17T15:56:33","guid":{"rendered":"https:\/\/zbranebudai.sk\/product\/chiappa-1892-l-a-carbine-kal-44rem-mag\/"},"modified":"2026-04-09T01:10:53","modified_gmt":"2026-04-08T23:10:53","slug":"chiappa-1892-l-a-karabely-cal-44rem-mag","status":"publish","type":"product","link":"https:\/\/zbranebudai.sk\/hu\/product\/chiappa-1892-l-a-carbine-kal-44rem-mag\/","title":{"rendered":"Chiappa 1892 L.A. Karab\u00e9ly, cal. .44Rem.Mag"},"content":{"rendered":"<p>PARAM\u00c9TEREK:<\/p>\n<p>Cs\u0151hossz: 508 mm (20 in)\u00a0<br \/>\nTeljes hossz: 965 mm<br \/>\nA tart\u00e1ly kapacit\u00e1sa: 10<br \/>\nPicatinny s\u00edn: nem<br \/>\nA hord\u00f3: ac\u00e9l: Feket\u00e9re festett ac\u00e9l<br \/>\n\u00cdg\u00e9ret: Wood<br \/>\nS\u00faly: 3 kg<\/p>","protected":false},"excerpt":{"rendered":"<p>A Chiappa 1892 a legend\u00e1s Winchester 1892, a John M. Browning \u00e1ltal tervezett t\u00f6rt\u00e9nelmi amerikai vadnyugati karos ism\u00e9tl\u0151puska h\u0171 m\u00e1solata. A f\u00e9m alkatr\u00e9szek prec\u00edzi\u00f3s megmunk\u00e1l\u00e1sa modern CNC-g\u00e9pen t\u00f6rt\u00e9nik, s\u0151t egyes alkatr\u00e9szek m\u00e9g az eredeti 1892-es modellel is felcser\u00e9lhet\u0151k. Gy\u00f6ny\u00f6r\u0171, k\u00e9zzel k\u00e9sz\u00edtett fa alkatr\u00e9szek teszik teljess\u00e9 a t\u00f6k\u00e9letes megjelen\u00e9st.<\/p>","protected":false},"featured_media":8666,"template":"","meta":{"_gspb_post_css":""},"product_brand":[],"product_cat":[1986,1821,1987,1820],"product_tag":[],"class_list":{"0":"post-14253","1":"product","2":"type-product","3":"status-publish","4":"has-post-thumbnail","6":"product_cat-chiappa-firearms-gulovnice-zbrane-b-c","7":"product_cat-gulovnice-zbrane-b-c","8":"product_cat-gulovnice-chiappa-firearms","9":"product_cat-zbrane-b-c","11":"first","12":"instock","13":"taxable","14":"shipping-taxable","15":"purchasable","16":"product-type-simple"},"ct_brands":[],"_links":{"self":[{"href":"https:\/\/zbranebudai.sk\/hu\/wp-json\/wp\/v2\/product\/14253","targetHints":{"allow":["GET"]}}],"collection":[{"href":"https:\/\/zbranebudai.sk\/hu\/wp-json\/wp\/v2\/product"}],"about":[{"href":"https:\/\/zbranebudai.sk\/hu\/wp-json\/wp\/v2\/types\/product"}],"wp:featuredmedia":[{"embeddable":true,"href":"https:\/\/zbranebudai.sk\/hu\/wp-json\/wp\/v2\/media\/8666"}],"wp:attachment":[{"href":"https:\/\/zbranebudai.sk\/hu\/wp-json\/wp\/v2\/media?parent=14253"}],"wp:term":[{"taxonomy":"product_brand","embeddable":true,"href":"https:\/\/zbranebudai.sk\/hu\/wp-json\/wp\/v2\/product_brand?post=14253"},{"taxonomy":"product_cat","embeddable":true,"href":"https:\/\/zbranebudai.sk\/hu\/wp-json\/wp\/v2\/product_cat?post=14253"},{"taxonomy":"product_tag","embeddable":true,"href":"https:\/\/zbranebudai.sk\/hu\/wp-json\/wp\/v2\/product_tag?post=14253"}],"curies":[{"name":"wp","href":"https:\/\/api.w.org\/{rel}","templated":true}]}}