{"id":14246,"date":"2025-02-17T17:56:30","date_gmt":"2025-02-17T15:56:30","guid":{"rendered":"https:\/\/zbranebudai.sk\/product\/tikka-t3x-battue-lite-kal-30-06spr-3rd-20in\/"},"modified":"2026-04-16T05:26:04","modified_gmt":"2026-04-16T03:26:04","slug":"tikka-t3x-battue-lite-kal-30-06spr-3rd-20in","status":"publish","type":"product","link":"https:\/\/zbranebudai.sk\/hu\/product\/tikka-t3x-battue-lite-kal-30-06spr-3rd-20in\/","title":{"rendered":"Tikka T3x Battue Lite, cal. .30-06Spr. (3. 20in)"},"content":{"rendered":"<p>PARAM\u00c9TEREK:<\/p>\n<p>Cs\u0151hossz: 510 mm (20 in)<br \/>\nTeljes hossz: 1021 mm<br \/>\nT\u00e1lcakapacit\u00e1s: 3<br \/>\nCs\u0151oszt\u00e1s: 1:10\u2033<br \/>\nPicatinny s\u00edn: nem<br \/>\nAnyag: ac\u00e9l<br \/>\n\u00cdg\u00e9ret: Szintetikus<br \/>\nS\u00faly: 2,9 kg<\/p>","protected":false},"excerpt":{"rendered":"<p>Soha nem lehetsz olyan gyors, mint a vad\u00e1llat, de a megfelel\u0151 eszk\u00f6zzel el\u0151nyt szerezhetsz. A Tikka T3x Battue Lite r\u00f6vid cs\u0151vel rendelkezik, \u00e9s olyan helyzetekre tervezt\u00e9k, ahol gyors c\u00e9lba tal\u00e1l\u00e1sra van sz\u00fcks\u00e9g. A TruGlo sz\u00e1loptik\u00e1val ell\u00e1tott, t\u00f6k\u00e9letesen kiegyens\u00falyozott \u00e9s j\u00f3l l\u00e1that\u00f3, cs\u00edp\u0151 f\u00f6l\u00f6tti c\u00e9lz\u00f3k\u00e9sz\u00fcl\u00e9k gyors \u00e9s egyszer\u0171 c\u00e9lz\u00e1st tesz lehet\u0151v\u00e9. A T3x Battue Lite c\u00e9lt\u00e1vcs\u0151 \u00e9s Optilock tart\u00f3 haszn\u00e1lat\u00e1val a T3x Battue Lite pontoss\u00e1got \u00e9r el a t\u00e1vols\u00e1gi vad\u00e1szathoz. A T3x Battue Lite c\u00e9lt\u00e1vcs\u00f6veket fut\u00f3 vagy mozg\u00f3 vadak vad\u00e1szat\u00e1hoz tervezt\u00e9k, lehet\u0151v\u00e9 t\u00e9ve a k\u00f6nny\u0171 c\u00e9lz\u00e1st viszonylag r\u00f6vid t\u00e1vols\u00e1gokra. A T3x Battue Lite ide\u00e1lis puska azon vad\u00e1szok sz\u00e1m\u00e1ra, akik erd\u0151s ter\u00fcleteken k\u00f6vetnek \u00e9s vad\u00e1sznak. A T3x modul\u00e1ris \u00e1llom\u00e1nya \u00fcvegsz\u00e1l er\u0151s\u00edt\u00e9s\u0171.<\/p>","protected":false},"featured_media":8646,"template":"","meta":{"_gspb_post_css":""},"product_brand":[],"product_cat":[1821,1971,1854,1861,1820],"product_tag":[],"class_list":{"0":"post-14246","1":"product","2":"type-product","3":"status-publish","4":"has-post-thumbnail","6":"product_cat-gulovnice-zbrane-b-c","7":"product_cat-t3x-battue-lite","8":"product_cat-tikka","9":"product_cat-tikka-t3x","10":"product_cat-zbrane-b-c","12":"first","13":"instock","14":"taxable","15":"shipping-taxable","16":"purchasable","17":"product-type-simple"},"ct_brands":[],"_links":{"self":[{"href":"https:\/\/zbranebudai.sk\/hu\/wp-json\/wp\/v2\/product\/14246","targetHints":{"allow":["GET"]}}],"collection":[{"href":"https:\/\/zbranebudai.sk\/hu\/wp-json\/wp\/v2\/product"}],"about":[{"href":"https:\/\/zbranebudai.sk\/hu\/wp-json\/wp\/v2\/types\/product"}],"wp:featuredmedia":[{"embeddable":true,"href":"https:\/\/zbranebudai.sk\/hu\/wp-json\/wp\/v2\/media\/8646"}],"wp:attachment":[{"href":"https:\/\/zbranebudai.sk\/hu\/wp-json\/wp\/v2\/media?parent=14246"}],"wp:term":[{"taxonomy":"product_brand","embeddable":true,"href":"https:\/\/zbranebudai.sk\/hu\/wp-json\/wp\/v2\/product_brand?post=14246"},{"taxonomy":"product_cat","embeddable":true,"href":"https:\/\/zbranebudai.sk\/hu\/wp-json\/wp\/v2\/product_cat?post=14246"},{"taxonomy":"product_tag","embeddable":true,"href":"https:\/\/zbranebudai.sk\/hu\/wp-json\/wp\/v2\/product_tag?post=14246"}],"curies":[{"name":"wp","href":"https:\/\/api.w.org\/{rel}","templated":true}]}}