{"id":14232,"date":"2025-02-17T17:56:29","date_gmt":"2025-02-17T15:56:29","guid":{"rendered":"https:\/\/zbranebudai.sk\/product\/khan-arms-a-tac-px-pro-alloy-kal-12-76-hl-285cm\/"},"modified":"2026-04-09T02:58:01","modified_gmt":"2026-04-09T00:58:01","slug":"khan-arms-a-tac-px-pro-alloy-kal-12-76-hl-285cm","status":"publish","type":"product","link":"https:\/\/zbranebudai.sk\/hu\/product\/khan-arms-a-tac-px-pro-alloy-kal-12-76-hl-285cm\/","title":{"rendered":"Khan Arms A-TAC PX Pro Alloy, cal. 12\/76, 28,5cm"},"content":{"rendered":"","protected":false},"excerpt":{"rendered":"<p>Ism\u00e9tl\u0151d\u0151 puska, \"pump action\", cs\u0151hossz 28,5 cm, teljes hossz 77,5 - 85,5 cm, alum\u00ednium z\u00e1rszerkezet, f\u00e9m test, polimer alkar, polimer teleszk\u00f3pos sz\u00e1r \u00e1ll\u00edthat\u00f3 orr-r\u00e9sszel, \u00e1ll\u00edthat\u00f3 magass\u00e1g\u00fa ir\u00e1nyz\u00e9k, \u00e1ll\u00edthat\u00f3 magass\u00e1g\u00fa \u00e9s oldals\u00f3 ir\u00e1nyz\u00e9k, f\u00e9m t\u00e1rak 9 \u00e9s 5 t\u00f6lt\u00e9nyhez mell\u00e9kelve.<\/p>","protected":false},"featured_media":8524,"template":"","meta":{"_gspb_post_css":""},"product_brand":[],"product_cat":[1999,2015,2000,1820],"product_tag":[],"class_list":{"0":"post-14232","1":"product","2":"type-product","3":"status-publish","4":"has-post-thumbnail","6":"product_cat-brokovnice","7":"product_cat-jednohlavnove-brokovnice-khan-arms","8":"product_cat-khan-arms","9":"product_cat-zbrane-b-c","11":"first","12":"outofstock","13":"taxable","14":"shipping-taxable","15":"purchasable","16":"product-type-simple"},"ct_brands":[],"_links":{"self":[{"href":"https:\/\/zbranebudai.sk\/hu\/wp-json\/wp\/v2\/product\/14232","targetHints":{"allow":["GET"]}}],"collection":[{"href":"https:\/\/zbranebudai.sk\/hu\/wp-json\/wp\/v2\/product"}],"about":[{"href":"https:\/\/zbranebudai.sk\/hu\/wp-json\/wp\/v2\/types\/product"}],"wp:featuredmedia":[{"embeddable":true,"href":"https:\/\/zbranebudai.sk\/hu\/wp-json\/wp\/v2\/media\/8524"}],"wp:attachment":[{"href":"https:\/\/zbranebudai.sk\/hu\/wp-json\/wp\/v2\/media?parent=14232"}],"wp:term":[{"taxonomy":"product_brand","embeddable":true,"href":"https:\/\/zbranebudai.sk\/hu\/wp-json\/wp\/v2\/product_brand?post=14232"},{"taxonomy":"product_cat","embeddable":true,"href":"https:\/\/zbranebudai.sk\/hu\/wp-json\/wp\/v2\/product_cat?post=14232"},{"taxonomy":"product_tag","embeddable":true,"href":"https:\/\/zbranebudai.sk\/hu\/wp-json\/wp\/v2\/product_tag?post=14232"}],"curies":[{"name":"wp","href":"https:\/\/api.w.org\/{rel}","templated":true}]}}