{"id":14230,"date":"2025-02-17T17:56:29","date_gmt":"2025-02-17T15:56:29","guid":{"rendered":"https:\/\/zbranebudai.sk\/product\/picatinny-lista-pre-ruger-american-rifle-kal-270win-30-06spr\/"},"modified":"2026-04-09T01:56:58","modified_gmt":"2026-04-08T23:56:58","slug":"pikatinny-lista-a-ruger-american-puskahoz-cal-270win-30-06spr-30-06spr","status":"publish","type":"product","link":"https:\/\/zbranebudai.sk\/hu\/product\/picatinny-lista-pre-ruger-american-rifle-kal-270win-30-06spr\/","title":{"rendered":"Picatinny s\u00edn Ruger American Rifle cal. .270Win\/.30-06Spr."},"content":{"rendered":"","protected":false},"excerpt":{"rendered":"<p>Fekete pikatinny s\u00edn 90672 Ruger American Rifle hossz\u00fa kaliber\u0171 .270Win., .30-06Spr. A s\u00edn 6\u2033 (15,2cm) hossz\u00fa, a csomag tartalmaz 4 r\u00f6gz\u00edt\u0151 csavart \u00e9s T-10 csavarkulcsot.<\/p>","protected":false},"featured_media":8518,"template":"","meta":{"_gspb_post_css":""},"product_brand":[],"product_cat":[1821,1838,1837,1820],"product_tag":[],"class_list":{"0":"post-14230","1":"product","2":"type-product","3":"status-publish","4":"has-post-thumbnail","6":"product_cat-gulovnice-zbrane-b-c","7":"product_cat-prislusenstvo-ruger","8":"product_cat-ruger","9":"product_cat-zbrane-b-c","11":"first","12":"instock","13":"taxable","14":"shipping-taxable","15":"purchasable","16":"product-type-simple"},"ct_brands":[],"_links":{"self":[{"href":"https:\/\/zbranebudai.sk\/hu\/wp-json\/wp\/v2\/product\/14230","targetHints":{"allow":["GET"]}}],"collection":[{"href":"https:\/\/zbranebudai.sk\/hu\/wp-json\/wp\/v2\/product"}],"about":[{"href":"https:\/\/zbranebudai.sk\/hu\/wp-json\/wp\/v2\/types\/product"}],"wp:featuredmedia":[{"embeddable":true,"href":"https:\/\/zbranebudai.sk\/hu\/wp-json\/wp\/v2\/media\/8518"}],"wp:attachment":[{"href":"https:\/\/zbranebudai.sk\/hu\/wp-json\/wp\/v2\/media?parent=14230"}],"wp:term":[{"taxonomy":"product_brand","embeddable":true,"href":"https:\/\/zbranebudai.sk\/hu\/wp-json\/wp\/v2\/product_brand?post=14230"},{"taxonomy":"product_cat","embeddable":true,"href":"https:\/\/zbranebudai.sk\/hu\/wp-json\/wp\/v2\/product_cat?post=14230"},{"taxonomy":"product_tag","embeddable":true,"href":"https:\/\/zbranebudai.sk\/hu\/wp-json\/wp\/v2\/product_tag?post=14230"}],"curies":[{"name":"wp","href":"https:\/\/api.w.org\/{rel}","templated":true}]}}