{"id":14228,"date":"2025-02-17T17:56:29","date_gmt":"2025-02-17T15:56:29","guid":{"rendered":"https:\/\/zbranebudai.sk\/product\/zasobnik-mag-10-90659-pre-ruger-ar-556-kal-556-nato-223rem-american-rifle-ranch-kal-300-blk\/"},"modified":"2026-04-09T01:56:58","modified_gmt":"2026-04-08T23:56:58","slug":"mag-10-90659-a-ruger-ar-556-kal-556-nato-223rem-amerikai-puska-ranch-kal-300-blkhoz","status":"publish","type":"product","link":"https:\/\/zbranebudai.sk\/hu\/product\/zasobnik-mag-10-90659-pre-ruger-ar-556-kal-556-nato-223rem-american-rifle-ranch-kal-300-blk\/","title":{"rendered":"MAG\/10 t\u00e1r (90659) Ruger AR-556 cal. 5,56 NATO\/.223Rem.\/American Rifle Ranch, cal. .300 BLK"},"content":{"rendered":"","protected":false},"excerpt":{"rendered":"<p>Polimer t\u00e1r, kapacit\u00e1s 10 t\u00f6lt\u00e9ny. Ruger AR-556, cal. 5,56 NATO\/.223Rem., Ruger American Rifle Ranch 26968, cal. .300 BLK.<\/p>","protected":false},"featured_media":8514,"template":"","meta":{"_gspb_post_css":""},"product_brand":[],"product_cat":[1821,1838,1837,1820],"product_tag":[],"class_list":{"0":"post-14228","1":"product","2":"type-product","3":"status-publish","4":"has-post-thumbnail","6":"product_cat-gulovnice-zbrane-b-c","7":"product_cat-prislusenstvo-ruger","8":"product_cat-ruger","9":"product_cat-zbrane-b-c","11":"first","12":"instock","13":"taxable","14":"shipping-taxable","15":"purchasable","16":"product-type-simple"},"ct_brands":[],"_links":{"self":[{"href":"https:\/\/zbranebudai.sk\/hu\/wp-json\/wp\/v2\/product\/14228","targetHints":{"allow":["GET"]}}],"collection":[{"href":"https:\/\/zbranebudai.sk\/hu\/wp-json\/wp\/v2\/product"}],"about":[{"href":"https:\/\/zbranebudai.sk\/hu\/wp-json\/wp\/v2\/types\/product"}],"wp:featuredmedia":[{"embeddable":true,"href":"https:\/\/zbranebudai.sk\/hu\/wp-json\/wp\/v2\/media\/8514"}],"wp:attachment":[{"href":"https:\/\/zbranebudai.sk\/hu\/wp-json\/wp\/v2\/media?parent=14228"}],"wp:term":[{"taxonomy":"product_brand","embeddable":true,"href":"https:\/\/zbranebudai.sk\/hu\/wp-json\/wp\/v2\/product_brand?post=14228"},{"taxonomy":"product_cat","embeddable":true,"href":"https:\/\/zbranebudai.sk\/hu\/wp-json\/wp\/v2\/product_cat?post=14228"},{"taxonomy":"product_tag","embeddable":true,"href":"https:\/\/zbranebudai.sk\/hu\/wp-json\/wp\/v2\/product_tag?post=14228"}],"curies":[{"name":"wp","href":"https:\/\/api.w.org\/{rel}","templated":true}]}}