{"id":14226,"date":"2025-02-17T17:56:28","date_gmt":"2025-02-17T15:56:28","guid":{"rendered":"https:\/\/zbranebudai.sk\/product\/zasobnik-mag-3-pre-ruger-scout-rifle-kal-308win-6-5-creedmoor\/"},"modified":"2026-05-07T11:59:25","modified_gmt":"2026-05-07T09:59:25","slug":"mag-3-tar-ruger-scout-puska-cal-308win-6-5-creedmoor-puskahoz","status":"publish","type":"product","link":"https:\/\/zbranebudai.sk\/hu\/product\/zasobnik-mag-3-pre-ruger-scout-rifle-kal-308win-6-5-creedmoor\/","title":{"rendered":"MAG\/3 t\u00e1r Ruger Scout pusk\u00e1hoz cal. 308Win\/6.5 Creedmoor"},"content":{"rendered":"","protected":false},"excerpt":{"rendered":"<p>T\u00e1rkapacit\u00e1s 3 t\u00f6lt\u00e9ny. Alkalmas .308Win \u00e9s 6.5 Creedmoor pusk\u00e1khoz.<\/p>","protected":false},"featured_media":8510,"template":"","meta":{"_gspb_post_css":""},"product_brand":[],"product_cat":[1821,1838,1837,1820],"product_tag":[],"class_list":{"0":"post-14226","1":"product","2":"type-product","3":"status-publish","4":"has-post-thumbnail","6":"product_cat-gulovnice-zbrane-b-c","7":"product_cat-prislusenstvo-ruger","8":"product_cat-ruger","9":"product_cat-zbrane-b-c","11":"first","12":"outofstock","13":"taxable","14":"shipping-taxable","15":"purchasable","16":"product-type-simple"},"ct_brands":[],"_links":{"self":[{"href":"https:\/\/zbranebudai.sk\/hu\/wp-json\/wp\/v2\/product\/14226","targetHints":{"allow":["GET"]}}],"collection":[{"href":"https:\/\/zbranebudai.sk\/hu\/wp-json\/wp\/v2\/product"}],"about":[{"href":"https:\/\/zbranebudai.sk\/hu\/wp-json\/wp\/v2\/types\/product"}],"wp:featuredmedia":[{"embeddable":true,"href":"https:\/\/zbranebudai.sk\/hu\/wp-json\/wp\/v2\/media\/8510"}],"wp:attachment":[{"href":"https:\/\/zbranebudai.sk\/hu\/wp-json\/wp\/v2\/media?parent=14226"}],"wp:term":[{"taxonomy":"product_brand","embeddable":true,"href":"https:\/\/zbranebudai.sk\/hu\/wp-json\/wp\/v2\/product_brand?post=14226"},{"taxonomy":"product_cat","embeddable":true,"href":"https:\/\/zbranebudai.sk\/hu\/wp-json\/wp\/v2\/product_cat?post=14226"},{"taxonomy":"product_tag","embeddable":true,"href":"https:\/\/zbranebudai.sk\/hu\/wp-json\/wp\/v2\/product_tag?post=14226"}],"curies":[{"name":"wp","href":"https:\/\/api.w.org\/{rel}","templated":true}]}}