{"id":14225,"date":"2025-02-17T17:56:28","date_gmt":"2025-02-17T15:56:28","guid":{"rendered":"https:\/\/zbranebudai.sk\/product\/platnicka-cielnika-e05904-90036-pre-ruger-gp100-a-ine\/"},"modified":"2026-04-16T04:34:32","modified_gmt":"2026-04-16T02:34:32","slug":"radiatorlemez-e05904-90036-ruger-gp100-es-masokhoz","status":"publish","type":"product","link":"https:\/\/zbranebudai.sk\/hu\/product\/platnicka-cielnika-e05904-90036-pre-ruger-gp100-a-ine\/","title":{"rendered":"E05904 (90036) c\u00e9lt\u00e1bla Ruger GP100 \u00e9s m\u00e1sokhoz"},"content":{"rendered":"","protected":false},"excerpt":{"rendered":"<p>Az E05904 (90036) c\u00e9lt\u00e1bla \"U\" alak\u00fa kiv\u00e1g\u00e1ssal Ruger GP100, Redhawk \u00e9s Super Redhawk revolverekhez illeszkedik.<\/p>","protected":false},"featured_media":8508,"template":"","meta":{"_gspb_post_css":""},"product_brand":[],"product_cat":[1864,1898,1877,1820],"product_tag":[],"class_list":{"0":"post-14225","1":"product","2":"type-product","3":"status-publish","4":"has-post-thumbnail","6":"product_cat-pistole-zbrane-b-c","7":"product_cat-prislusenstvo-ruger-ruger-pistole-zbrane-b-c","8":"product_cat-ruger-pistole-zbrane-b-c","9":"product_cat-zbrane-b-c","11":"first","12":"outofstock","13":"taxable","14":"shipping-taxable","15":"purchasable","16":"product-type-simple"},"ct_brands":[],"_links":{"self":[{"href":"https:\/\/zbranebudai.sk\/hu\/wp-json\/wp\/v2\/product\/14225","targetHints":{"allow":["GET"]}}],"collection":[{"href":"https:\/\/zbranebudai.sk\/hu\/wp-json\/wp\/v2\/product"}],"about":[{"href":"https:\/\/zbranebudai.sk\/hu\/wp-json\/wp\/v2\/types\/product"}],"wp:featuredmedia":[{"embeddable":true,"href":"https:\/\/zbranebudai.sk\/hu\/wp-json\/wp\/v2\/media\/8508"}],"wp:attachment":[{"href":"https:\/\/zbranebudai.sk\/hu\/wp-json\/wp\/v2\/media?parent=14225"}],"wp:term":[{"taxonomy":"product_brand","embeddable":true,"href":"https:\/\/zbranebudai.sk\/hu\/wp-json\/wp\/v2\/product_brand?post=14225"},{"taxonomy":"product_cat","embeddable":true,"href":"https:\/\/zbranebudai.sk\/hu\/wp-json\/wp\/v2\/product_cat?post=14225"},{"taxonomy":"product_tag","embeddable":true,"href":"https:\/\/zbranebudai.sk\/hu\/wp-json\/wp\/v2\/product_tag?post=14225"}],"curies":[{"name":"wp","href":"https:\/\/api.w.org\/{rel}","templated":true}]}}