{"id":14223,"date":"2025-02-17T17:56:28","date_gmt":"2025-02-17T15:56:28","guid":{"rendered":"https:\/\/zbranebudai.sk\/product\/ruger-security-9-3810-kal-9mm-luger\/"},"modified":"2026-04-16T04:22:53","modified_gmt":"2026-04-16T02:22:53","slug":"ruger-security-9-3810-cal-9mm-luger","status":"publish","type":"product","link":"https:\/\/zbranebudai.sk\/hu\/product\/ruger-security-9-3810-kal-9mm-luger\/","title":{"rendered":"Ruger Security-9 3810, kal. 9mm Luger"},"content":{"rendered":"<p>PARAM\u00c9TEREK:<\/p>\n<p>T\u00e1rkapacit\u00e1s: 15 t\u00f6lt\u00e9ny<br \/>\nCs\u0151hossz: 102 mm (4\u2033)<br \/>\nTeljes hossz: 184 mm<br \/>\nCs\u0151oszt\u00e1s: 1:10\u2033 RH<br \/>\nS\u00faly: 675 g<\/p>","protected":false},"excerpt":{"rendered":"<p>Security-9 (3810) pisztoly 4\u2033-es cs\u0151vel, 15 t\u00e1rral \u00e9s kompakt m\u00e9ret\u0171, rejtett visel\u00e9shez. Biztons\u00e1gos \u00e9s bev\u00e1lt Secure Action\u2122 t\u0171zvez\u00e9rl\u0151 rendszer. Robusztus konstrukci\u00f3, edzett \u00f6tv\u00f6z\u00f6tt ac\u00e9lcs\u00faszda \u00e9s cs\u0151, valamint tart\u00f3s \u00fcveggel t\u00f6lt\u00f6tt nejlon v\u00e1z. Feh\u00e9rrel kiemelt, oldals\u00f3 \u00e1ll\u00edthat\u00f3 ir\u00e1nyz\u00e9k \u00e9s c\u00e9lz\u00f3k\u00e9sz\u00fcl\u00e9k. K\u00e9zi biztos\u00edt\u00e9k + integr\u00e1lt ravaszbiztos\u00edt\u00e1s. Tartalmaz egy m\u00e1sodik 15 t\u00f6lt\u00e9nyes t\u00e1rat.<\/p>","protected":false},"featured_media":8504,"template":"","meta":{"_gspb_post_css":""},"product_brand":[],"product_cat":[1864,1877,2018,1820],"product_tag":[],"class_list":{"0":"post-14223","1":"product","2":"type-product","3":"status-publish","4":"has-post-thumbnail","6":"product_cat-pistole-zbrane-b-c","7":"product_cat-ruger-pistole-zbrane-b-c","8":"product_cat-security-9","9":"product_cat-zbrane-b-c","11":"first","12":"instock","13":"taxable","14":"shipping-taxable","15":"purchasable","16":"product-type-simple"},"ct_brands":[],"_links":{"self":[{"href":"https:\/\/zbranebudai.sk\/hu\/wp-json\/wp\/v2\/product\/14223","targetHints":{"allow":["GET"]}}],"collection":[{"href":"https:\/\/zbranebudai.sk\/hu\/wp-json\/wp\/v2\/product"}],"about":[{"href":"https:\/\/zbranebudai.sk\/hu\/wp-json\/wp\/v2\/types\/product"}],"wp:featuredmedia":[{"embeddable":true,"href":"https:\/\/zbranebudai.sk\/hu\/wp-json\/wp\/v2\/media\/8504"}],"wp:attachment":[{"href":"https:\/\/zbranebudai.sk\/hu\/wp-json\/wp\/v2\/media?parent=14223"}],"wp:term":[{"taxonomy":"product_brand","embeddable":true,"href":"https:\/\/zbranebudai.sk\/hu\/wp-json\/wp\/v2\/product_brand?post=14223"},{"taxonomy":"product_cat","embeddable":true,"href":"https:\/\/zbranebudai.sk\/hu\/wp-json\/wp\/v2\/product_cat?post=14223"},{"taxonomy":"product_tag","embeddable":true,"href":"https:\/\/zbranebudai.sk\/hu\/wp-json\/wp\/v2\/product_tag?post=14223"}],"curies":[{"name":"wp","href":"https:\/\/api.w.org\/{rel}","templated":true}]}}