{"id":14222,"date":"2025-02-17T17:56:28","date_gmt":"2025-02-17T15:56:28","guid":{"rendered":"https:\/\/zbranebudai.sk\/product\/zasobnik-pre-khan-arms-a-tac-ax-px-9-nabojov\/"},"modified":"2026-04-23T07:13:18","modified_gmt":"2026-04-23T05:13:18","slug":"tar-a-khan-arms-es-a-tac-ax-px-9-toltenyhez","status":"publish","type":"product","link":"https:\/\/zbranebudai.sk\/hu\/product\/zasobnik-pre-khan-arms-a-tac-ax-px-9-nabojov\/","title":{"rendered":"T\u00f6lt\u00e9nyt\u00e1r a Khan Arms A-TAC AX\/PX-hez, 9 t\u00f6lt\u00e9nyt"},"content":{"rendered":"","protected":false},"excerpt":{"rendered":"<p>9 t\u00f6lt\u00e9nyes f\u00e9m t\u00e1r a Khan Arms A-TAC AX \u00e9s A-TAC PX modellsorozat\u00fa pusk\u00e1ihoz.<\/p>","protected":false},"featured_media":8502,"template":"","meta":{"_gspb_post_css":""},"product_brand":[],"product_cat":[1999,2000,2017,1820],"product_tag":[],"class_list":{"0":"post-14222","1":"product","2":"type-product","3":"status-publish","4":"has-post-thumbnail","6":"product_cat-brokovnice","7":"product_cat-khan-arms","8":"product_cat-prislusenstvo-khan-arms","9":"product_cat-zbrane-b-c","11":"first","12":"outofstock","13":"taxable","14":"shipping-taxable","15":"purchasable","16":"product-type-simple"},"ct_brands":[],"_links":{"self":[{"href":"https:\/\/zbranebudai.sk\/hu\/wp-json\/wp\/v2\/product\/14222","targetHints":{"allow":["GET"]}}],"collection":[{"href":"https:\/\/zbranebudai.sk\/hu\/wp-json\/wp\/v2\/product"}],"about":[{"href":"https:\/\/zbranebudai.sk\/hu\/wp-json\/wp\/v2\/types\/product"}],"wp:featuredmedia":[{"embeddable":true,"href":"https:\/\/zbranebudai.sk\/hu\/wp-json\/wp\/v2\/media\/8502"}],"wp:attachment":[{"href":"https:\/\/zbranebudai.sk\/hu\/wp-json\/wp\/v2\/media?parent=14222"}],"wp:term":[{"taxonomy":"product_brand","embeddable":true,"href":"https:\/\/zbranebudai.sk\/hu\/wp-json\/wp\/v2\/product_brand?post=14222"},{"taxonomy":"product_cat","embeddable":true,"href":"https:\/\/zbranebudai.sk\/hu\/wp-json\/wp\/v2\/product_cat?post=14222"},{"taxonomy":"product_tag","embeddable":true,"href":"https:\/\/zbranebudai.sk\/hu\/wp-json\/wp\/v2\/product_tag?post=14222"}],"curies":[{"name":"wp","href":"https:\/\/api.w.org\/{rel}","templated":true}]}}