{"id":14221,"date":"2025-02-17T17:56:28","date_gmt":"2025-02-17T15:56:28","guid":{"rendered":"https:\/\/zbranebudai.sk\/product\/khan-arms-matrix-natura-kal-12-76-hl-76cm\/"},"modified":"2025-08-31T10:01:31","modified_gmt":"2025-08-31T08:01:31","slug":"khan-arms-matrix-natura-cal-12-76-hl-76cm","status":"publish","type":"product","link":"https:\/\/zbranebudai.sk\/hu\/product\/khan-arms-matrix-natura-kal-12-76-hl-76cm\/","title":{"rendered":"Khan Arms Matrix Natura, cal. 12\/76, m\u00e9lys\u00e9g 76cm"},"content":{"rendered":"","protected":false},"excerpt":{"rendered":"<p>\u00d6nt\u00f6lt\u0151 puska, \"Kinetic System (Kine-Sys)\", cs\u0151hossz 76 cm, teljes hossz 132 cm, alum\u00ednium cs\u0151h\u00e1z, t\u00f6r\u00f6k di\u00f3fa sz\u00e1r, piros f\u00e9nyvezet\u0151 c\u00e9lz\u00f3k\u00e9sz\u00fcl\u00e9k, 3 cs\u0151 a csomagban (egy, h\u00e1rom \u00e9s \u00f6t rov\u00e1tkol\u00e1s), cs\u0151t\u00e1r 5 t\u00f6lt\u00e9nyre, szerelt \u00f6vhurokkal sz\u00e1ll\u00edtjuk. S\u00falya 3,3 kg.<\/p>","protected":false},"featured_media":8500,"template":"","meta":{"_gspb_post_css":""},"product_brand":[],"product_cat":[1999,2015,2000,1820],"product_tag":[],"class_list":{"0":"post-14221","1":"product","2":"type-product","3":"status-publish","4":"has-post-thumbnail","6":"product_cat-brokovnice","7":"product_cat-jednohlavnove-brokovnice-khan-arms","8":"product_cat-khan-arms","9":"product_cat-zbrane-b-c","11":"first","12":"outofstock","13":"taxable","14":"shipping-taxable","15":"purchasable","16":"product-type-simple"},"ct_brands":[],"_links":{"self":[{"href":"https:\/\/zbranebudai.sk\/hu\/wp-json\/wp\/v2\/product\/14221","targetHints":{"allow":["GET"]}}],"collection":[{"href":"https:\/\/zbranebudai.sk\/hu\/wp-json\/wp\/v2\/product"}],"about":[{"href":"https:\/\/zbranebudai.sk\/hu\/wp-json\/wp\/v2\/types\/product"}],"wp:featuredmedia":[{"embeddable":true,"href":"https:\/\/zbranebudai.sk\/hu\/wp-json\/wp\/v2\/media\/8500"}],"wp:attachment":[{"href":"https:\/\/zbranebudai.sk\/hu\/wp-json\/wp\/v2\/media?parent=14221"}],"wp:term":[{"taxonomy":"product_brand","embeddable":true,"href":"https:\/\/zbranebudai.sk\/hu\/wp-json\/wp\/v2\/product_brand?post=14221"},{"taxonomy":"product_cat","embeddable":true,"href":"https:\/\/zbranebudai.sk\/hu\/wp-json\/wp\/v2\/product_cat?post=14221"},{"taxonomy":"product_tag","embeddable":true,"href":"https:\/\/zbranebudai.sk\/hu\/wp-json\/wp\/v2\/product_tag?post=14221"}],"curies":[{"name":"wp","href":"https:\/\/api.w.org\/{rel}","templated":true}]}}