{"id":14220,"date":"2025-02-17T17:56:28","date_gmt":"2025-02-17T15:56:28","guid":{"rendered":"https:\/\/zbranebudai.sk\/product\/khan-arms-mace-force-telescopic-kal-12-76-hl-355cm\/"},"modified":"2025-08-31T09:59:05","modified_gmt":"2025-08-31T07:59:05","slug":"khan-arms-mace-force-teleszkopos-cal-12-76-hl-355cm","status":"publish","type":"product","link":"https:\/\/zbranebudai.sk\/hu\/product\/khan-arms-mace-force-telescopic-kal-12-76-hl-355cm\/","title":{"rendered":"Khan Arms Mace Force Teleszk\u00f3pos, cal. 12\/76, 35,5cm hossz\u00fa"},"content":{"rendered":"","protected":false},"excerpt":{"rendered":"<p>Ism\u00e9tl\u0151d\u0151 puska, \"pump action\", cs\u0151hossz 35,5 cm, teljes hossza 87-95 cm (\u00f6sszecsukott sz\u00e1rral 63 cm), alum\u00ednium z\u00e1rszerkezet, polimer alkar \u00e9s polimer \u00f6sszecsukhat\u00f3 teleszk\u00f3pos sz\u00e1r. V\u00f6r\u00f6s f\u00e9nyvezet\u0151 retikula, U alak\u00fa c\u00e9lt\u00e1vcs\u0151 magass\u00e1g- \u00e9s oldalbe\u00e1ll\u00edt\u00e1ssal, feh\u00e9r pontokkal kiemelve, cs\u0151 alak\u00fa t\u00e1r 4 l\u0151szerre.<\/p>","protected":false},"featured_media":8498,"template":"","meta":{"_gspb_post_css":""},"product_brand":[],"product_cat":[1999,2015,2000,1820],"product_tag":[],"class_list":{"0":"post-14220","1":"product","2":"type-product","3":"status-publish","4":"has-post-thumbnail","6":"product_cat-brokovnice","7":"product_cat-jednohlavnove-brokovnice-khan-arms","8":"product_cat-khan-arms","9":"product_cat-zbrane-b-c","11":"first","12":"outofstock","13":"taxable","14":"shipping-taxable","15":"purchasable","16":"product-type-simple"},"ct_brands":[],"_links":{"self":[{"href":"https:\/\/zbranebudai.sk\/hu\/wp-json\/wp\/v2\/product\/14220","targetHints":{"allow":["GET"]}}],"collection":[{"href":"https:\/\/zbranebudai.sk\/hu\/wp-json\/wp\/v2\/product"}],"about":[{"href":"https:\/\/zbranebudai.sk\/hu\/wp-json\/wp\/v2\/types\/product"}],"wp:featuredmedia":[{"embeddable":true,"href":"https:\/\/zbranebudai.sk\/hu\/wp-json\/wp\/v2\/media\/8498"}],"wp:attachment":[{"href":"https:\/\/zbranebudai.sk\/hu\/wp-json\/wp\/v2\/media?parent=14220"}],"wp:term":[{"taxonomy":"product_brand","embeddable":true,"href":"https:\/\/zbranebudai.sk\/hu\/wp-json\/wp\/v2\/product_brand?post=14220"},{"taxonomy":"product_cat","embeddable":true,"href":"https:\/\/zbranebudai.sk\/hu\/wp-json\/wp\/v2\/product_cat?post=14220"},{"taxonomy":"product_tag","embeddable":true,"href":"https:\/\/zbranebudai.sk\/hu\/wp-json\/wp\/v2\/product_tag?post=14220"}],"curies":[{"name":"wp","href":"https:\/\/api.w.org\/{rel}","templated":true}]}}