{"id":14219,"date":"2025-02-17T17:56:27","date_gmt":"2025-02-17T15:56:27","guid":{"rendered":"https:\/\/zbranebudai.sk\/product\/khan-arms-a-tac-tactical-kal-12-76-hl-51cm\/"},"modified":"2026-04-09T00:53:54","modified_gmt":"2026-04-08T22:53:54","slug":"khan-arms-a-tac-taktikai-kal-12-76-hl-51cm","status":"publish","type":"product","link":"https:\/\/zbranebudai.sk\/hu\/product\/khan-arms-a-tac-tactical-kal-12-76-hl-51cm\/","title":{"rendered":"Khan Arms A-TAC Tactical, cal. 12\/76, ch. 51cm"},"content":{"rendered":"","protected":false},"excerpt":{"rendered":"<p>Ism\u00e9tl\u0151d\u0151 puska, \"pump action\", cs\u0151hossz 51 cm, teljes hossz 104 cm, alum\u00ednium z\u00e1r\u00f3szerkezet, polimer sz\u00e1r \u00e9s el\u0151r\u00e9sz, fix c\u00e9lz\u00f3k\u00e9sz\u00fcl\u00e9k, 3\/8\u2033-os ny\u00edl\u00e1sok optika felszerel\u00e9s\u00e9hez, cs\u0151t\u00e1r 6 t\u00f6lt\u00e9nyre cal. 12\/76 mm (a cs\u0151t\u00e1r kb. 2 h\u00fcvelykkel a cs\u0151torkolatt\u00f3l).<\/p>","protected":false},"featured_media":8496,"template":"","meta":{"_gspb_post_css":""},"product_brand":[],"product_cat":[1999,2015,2000,1820],"product_tag":[],"class_list":{"0":"post-14219","1":"product","2":"type-product","3":"status-publish","4":"has-post-thumbnail","6":"product_cat-brokovnice","7":"product_cat-jednohlavnove-brokovnice-khan-arms","8":"product_cat-khan-arms","9":"product_cat-zbrane-b-c","11":"first","12":"instock","13":"taxable","14":"shipping-taxable","15":"purchasable","16":"product-type-simple"},"ct_brands":[],"_links":{"self":[{"href":"https:\/\/zbranebudai.sk\/hu\/wp-json\/wp\/v2\/product\/14219","targetHints":{"allow":["GET"]}}],"collection":[{"href":"https:\/\/zbranebudai.sk\/hu\/wp-json\/wp\/v2\/product"}],"about":[{"href":"https:\/\/zbranebudai.sk\/hu\/wp-json\/wp\/v2\/types\/product"}],"wp:featuredmedia":[{"embeddable":true,"href":"https:\/\/zbranebudai.sk\/hu\/wp-json\/wp\/v2\/media\/8496"}],"wp:attachment":[{"href":"https:\/\/zbranebudai.sk\/hu\/wp-json\/wp\/v2\/media?parent=14219"}],"wp:term":[{"taxonomy":"product_brand","embeddable":true,"href":"https:\/\/zbranebudai.sk\/hu\/wp-json\/wp\/v2\/product_brand?post=14219"},{"taxonomy":"product_cat","embeddable":true,"href":"https:\/\/zbranebudai.sk\/hu\/wp-json\/wp\/v2\/product_cat?post=14219"},{"taxonomy":"product_tag","embeddable":true,"href":"https:\/\/zbranebudai.sk\/hu\/wp-json\/wp\/v2\/product_tag?post=14219"}],"curies":[{"name":"wp","href":"https:\/\/api.w.org\/{rel}","templated":true}]}}