{"id":14212,"date":"2025-02-17T17:56:27","date_gmt":"2025-02-17T15:56:27","guid":{"rendered":"https:\/\/zbranebudai.sk\/product\/puzdro-rhino-competition-super-ghost-ultimate\/"},"modified":"2026-05-14T14:59:34","modified_gmt":"2026-05-14T12:59:34","slug":"rhino-competition-super-ghost-ultimate-tok","status":"publish","type":"product","link":"https:\/\/zbranebudai.sk\/hu\/product\/puzdro-rhino-competition-super-ghost-ultimate\/","title":{"rendered":"Rhino Competition \"Super Ghost Ultimate\" tok"},"content":{"rendered":"<p>Egyedi tok kialak\u00edt\u00e1sa IPSC sz\u00e1m\u00e1ra. Teljesen \u00e1ll\u00edthat\u00f3 magass\u00e1g, d\u0151l\u00e9ssz\u00f6g \u00e9s a testt\u0151l val\u00f3 t\u00e1vols\u00e1g. Az \u00f6v nem tartoz\u00e9k.<\/p>","protected":false},"excerpt":{"rendered":"<p>A Chiappa Rhino 40DS\/50DS\/60DS revolverekhez tervezt\u00e9k.<\/p>","protected":false},"featured_media":8482,"template":"","meta":{"_gspb_post_css":""},"product_brand":[],"product_cat":[1984,1998,1858,1820],"product_tag":[],"class_list":{"0":"post-14212","1":"product","2":"type-product","3":"status-publish","4":"has-post-thumbnail","6":"product_cat-chiappa-firearms","7":"product_cat-prislusenstvo-chiappa-firearms-chiappa-firearms","8":"product_cat-revolvery-zbrane-b-c","9":"product_cat-zbrane-b-c","11":"first","12":"instock","13":"taxable","14":"shipping-taxable","15":"purchasable","16":"product-type-simple"},"ct_brands":[],"_links":{"self":[{"href":"https:\/\/zbranebudai.sk\/hu\/wp-json\/wp\/v2\/product\/14212","targetHints":{"allow":["GET"]}}],"collection":[{"href":"https:\/\/zbranebudai.sk\/hu\/wp-json\/wp\/v2\/product"}],"about":[{"href":"https:\/\/zbranebudai.sk\/hu\/wp-json\/wp\/v2\/types\/product"}],"wp:featuredmedia":[{"embeddable":true,"href":"https:\/\/zbranebudai.sk\/hu\/wp-json\/wp\/v2\/media\/8482"}],"wp:attachment":[{"href":"https:\/\/zbranebudai.sk\/hu\/wp-json\/wp\/v2\/media?parent=14212"}],"wp:term":[{"taxonomy":"product_brand","embeddable":true,"href":"https:\/\/zbranebudai.sk\/hu\/wp-json\/wp\/v2\/product_brand?post=14212"},{"taxonomy":"product_cat","embeddable":true,"href":"https:\/\/zbranebudai.sk\/hu\/wp-json\/wp\/v2\/product_cat?post=14212"},{"taxonomy":"product_tag","embeddable":true,"href":"https:\/\/zbranebudai.sk\/hu\/wp-json\/wp\/v2\/product_tag?post=14212"}],"curies":[{"name":"wp","href":"https:\/\/api.w.org\/{rel}","templated":true}]}}