{"id":14211,"date":"2025-02-17T17:56:26","date_gmt":"2025-02-17T15:56:26","guid":{"rendered":"https:\/\/zbranebudai.sk\/product\/chiappa-rak-9-blued-1725-kal-9mm-luger-10rd-500-154\/"},"modified":"2026-04-01T23:03:19","modified_gmt":"2026-04-01T21:03:19","slug":"chiappa-rak-9-kek-1725-kal-9mm-luger-10rd-500-154","status":"publish","type":"product","link":"https:\/\/zbranebudai.sk\/hu\/product\/chiappa-rak-9-blued-1725-kal-9mm-luger-10rd-500-154\/","title":{"rendered":"Chiappa RAK-9 Blued 17,25\u2033, cal. 9mm Luger, 10db (500.154)"},"content":{"rendered":"<p>PARAM\u00c9TEREK:<\/p>\n<p>Cs\u0151hossz: 438 mm (17.25 in)<br \/>\nTeljes hossz: 870 mm<br \/>\nA tart\u00e1ly kapacit\u00e1sa: 10<br \/>\nAnyag: ac\u00e9l<br \/>\nL\u00e1bsz\u00e1r, alkar: fa<br \/>\nS\u00faly: 3,0 kg<\/p>","protected":false},"excerpt":{"rendered":"<p>A Chiappa RAK-9 egy \u00f6nt\u00f6lt\u0151 puska, amely ugyanolyan megjelen\u00e9s\u0171 \u00e9s kezel\u0151szerv\u0171, mint az AK-47, de k\u00f6nnyebb \u00e9s megfizethet\u0151bb 9 mm-es Luger (9\u00d719) l\u0151szert haszn\u00e1l. Lehet\u0151s\u00e9g van Glock t\u00e1rakhoz val\u00f3 adapter megv\u00e1s\u00e1rl\u00e1s\u00e1ra (970.467).<\/p>","protected":false},"featured_media":8480,"template":"","meta":{"_gspb_post_css":""},"product_brand":[],"product_cat":[1986,1821,1987,1820],"product_tag":[],"class_list":{"0":"post-14211","1":"product","2":"type-product","3":"status-publish","4":"has-post-thumbnail","6":"product_cat-chiappa-firearms-gulovnice-zbrane-b-c","7":"product_cat-gulovnice-zbrane-b-c","8":"product_cat-gulovnice-chiappa-firearms","9":"product_cat-zbrane-b-c","11":"first","12":"instock","13":"taxable","14":"shipping-taxable","15":"purchasable","16":"product-type-simple"},"ct_brands":[],"_links":{"self":[{"href":"https:\/\/zbranebudai.sk\/hu\/wp-json\/wp\/v2\/product\/14211","targetHints":{"allow":["GET"]}}],"collection":[{"href":"https:\/\/zbranebudai.sk\/hu\/wp-json\/wp\/v2\/product"}],"about":[{"href":"https:\/\/zbranebudai.sk\/hu\/wp-json\/wp\/v2\/types\/product"}],"wp:featuredmedia":[{"embeddable":true,"href":"https:\/\/zbranebudai.sk\/hu\/wp-json\/wp\/v2\/media\/8480"}],"wp:attachment":[{"href":"https:\/\/zbranebudai.sk\/hu\/wp-json\/wp\/v2\/media?parent=14211"}],"wp:term":[{"taxonomy":"product_brand","embeddable":true,"href":"https:\/\/zbranebudai.sk\/hu\/wp-json\/wp\/v2\/product_brand?post=14211"},{"taxonomy":"product_cat","embeddable":true,"href":"https:\/\/zbranebudai.sk\/hu\/wp-json\/wp\/v2\/product_cat?post=14211"},{"taxonomy":"product_tag","embeddable":true,"href":"https:\/\/zbranebudai.sk\/hu\/wp-json\/wp\/v2\/product_tag?post=14211"}],"curies":[{"name":"wp","href":"https:\/\/api.w.org\/{rel}","templated":true}]}}