{"id":14210,"date":"2025-02-17T17:56:26","date_gmt":"2025-02-17T15:56:26","guid":{"rendered":"https:\/\/zbranebudai.sk\/product\/picatinny-lista-pre-chiappa-m1-22-a-m1-9-carbine\/"},"modified":"2026-04-23T08:31:17","modified_gmt":"2026-04-23T06:31:17","slug":"pikatinny-lista-a-chiappa-m1-22-es-m1-9-karabelyhoz","status":"publish","type":"product","link":"https:\/\/zbranebudai.sk\/hu\/product\/picatinny-lista-pre-chiappa-m1-22-a-m1-9-carbine\/","title":{"rendered":"Picatinny s\u00edn Chiappa M1-22 \u00e9s M1-9 karab\u00e9lyhoz"},"content":{"rendered":"","protected":false},"excerpt":{"rendered":"<p>Picatinny s\u00edn alkalmas Chiappa M1-22 cal. .22LR \u00e9s M1-9 cal. 9\u00d719.<\/p>","protected":false},"featured_media":8478,"template":"","meta":{"_gspb_post_css":""},"product_brand":[],"product_cat":[1986,1821,1997,1820],"product_tag":[],"class_list":{"0":"post-14210","1":"product","2":"type-product","3":"status-publish","4":"has-post-thumbnail","6":"product_cat-chiappa-firearms-gulovnice-zbrane-b-c","7":"product_cat-gulovnice-zbrane-b-c","8":"product_cat-prislusenstvo-chiappa-firearms","9":"product_cat-zbrane-b-c","11":"first","12":"instock","13":"taxable","14":"shipping-taxable","15":"purchasable","16":"product-type-simple"},"ct_brands":[],"_links":{"self":[{"href":"https:\/\/zbranebudai.sk\/hu\/wp-json\/wp\/v2\/product\/14210","targetHints":{"allow":["GET"]}}],"collection":[{"href":"https:\/\/zbranebudai.sk\/hu\/wp-json\/wp\/v2\/product"}],"about":[{"href":"https:\/\/zbranebudai.sk\/hu\/wp-json\/wp\/v2\/types\/product"}],"wp:featuredmedia":[{"embeddable":true,"href":"https:\/\/zbranebudai.sk\/hu\/wp-json\/wp\/v2\/media\/8478"}],"wp:attachment":[{"href":"https:\/\/zbranebudai.sk\/hu\/wp-json\/wp\/v2\/media?parent=14210"}],"wp:term":[{"taxonomy":"product_brand","embeddable":true,"href":"https:\/\/zbranebudai.sk\/hu\/wp-json\/wp\/v2\/product_brand?post=14210"},{"taxonomy":"product_cat","embeddable":true,"href":"https:\/\/zbranebudai.sk\/hu\/wp-json\/wp\/v2\/product_cat?post=14210"},{"taxonomy":"product_tag","embeddable":true,"href":"https:\/\/zbranebudai.sk\/hu\/wp-json\/wp\/v2\/product_tag?post=14210"}],"curies":[{"name":"wp","href":"https:\/\/api.w.org\/{rel}","templated":true}]}}