{"id":14209,"date":"2025-02-17T17:56:26","date_gmt":"2025-02-17T15:56:26","guid":{"rendered":"https:\/\/zbranebudai.sk\/product\/pistol-co2-glock-17-gen4-kal-45mm-bb\/"},"modified":"2026-05-07T12:26:26","modified_gmt":"2026-05-07T10:26:26","slug":"co2-pisztoly-glock-17-gen4-cal-45mm-bb","status":"publish","type":"product","link":"https:\/\/zbranebudai.sk\/hu\/product\/pistol-co2-glock-17-gen4-kal-45mm-bb\/","title":{"rendered":"CO2 pisztoly GLOCK 17 Gen4, cal. 4,5mm BB"},"content":{"rendered":"<p>PARAM\u00c9TEREK:<\/p>\n<p>Energia: 2 J<br \/>\nMenetsebess\u00e9g: 90 m\/s<br \/>\nCs\u0151hossz: 92 mm<br \/>\nTeljes hossz: 203 mm<br \/>\nKapacit\u00e1s: 18<br \/>\nCO\u2082 bomba kapacit\u00e1sa: 120 l\u00f6v\u00e9s<br \/>\nS\u00faly: 767 g<\/p>","protected":false},"excerpt":{"rendered":"<p>CO2 pisztoly GLOCK 17 Gen4, cal. 4,5mm BB egy hivatalos enged\u00e9llyel rendelkez\u0151 replika, amely megk\u00fcl\u00f6nb\u00f6ztethetetlen az \u00e9les v\u00e1ltozatt\u00f3l. Polimer v\u00e1zzal \u00e9s f\u00e9m z\u00e1rszerkezettel rendelkezik, a blowback rendszerrel, amely t\u00fczel\u00e9skor h\u00e1trafel\u00e9 mozog, cs\u00f6kkentve a visszar\u00fag\u00e1st \u00e9s n\u00f6velve a pontoss\u00e1got. K\u00e9t kieg\u00e9sz\u00edt\u0151 markolat h\u00e1tlapot tartalmaz M \u00e9s L m\u00e9retben.<\/p>","protected":false},"featured_media":8476,"template":"","meta":{"_gspb_post_css":""},"product_brand":[],"product_cat":[1876,1829,1824,1828],"product_tag":[],"class_list":{"0":"post-14209","1":"product","2":"type-product","3":"status-publish","4":"has-post-thumbnail","6":"product_cat-glock","7":"product_cat-pistole-na-co2","8":"product_cat-zbrane-18-d","9":"product_cat-zbrane-na-co2","11":"first","12":"instock","13":"taxable","14":"shipping-taxable","15":"purchasable","16":"product-type-simple"},"ct_brands":[],"_links":{"self":[{"href":"https:\/\/zbranebudai.sk\/hu\/wp-json\/wp\/v2\/product\/14209","targetHints":{"allow":["GET"]}}],"collection":[{"href":"https:\/\/zbranebudai.sk\/hu\/wp-json\/wp\/v2\/product"}],"about":[{"href":"https:\/\/zbranebudai.sk\/hu\/wp-json\/wp\/v2\/types\/product"}],"wp:featuredmedia":[{"embeddable":true,"href":"https:\/\/zbranebudai.sk\/hu\/wp-json\/wp\/v2\/media\/8476"}],"wp:attachment":[{"href":"https:\/\/zbranebudai.sk\/hu\/wp-json\/wp\/v2\/media?parent=14209"}],"wp:term":[{"taxonomy":"product_brand","embeddable":true,"href":"https:\/\/zbranebudai.sk\/hu\/wp-json\/wp\/v2\/product_brand?post=14209"},{"taxonomy":"product_cat","embeddable":true,"href":"https:\/\/zbranebudai.sk\/hu\/wp-json\/wp\/v2\/product_cat?post=14209"},{"taxonomy":"product_tag","embeddable":true,"href":"https:\/\/zbranebudai.sk\/hu\/wp-json\/wp\/v2\/product_tag?post=14209"}],"curies":[{"name":"wp","href":"https:\/\/api.w.org\/{rel}","templated":true}]}}