{"id":14206,"date":"2025-02-17T17:56:26","date_gmt":"2025-02-17T15:56:26","guid":{"rendered":"https:\/\/zbranebudai.sk\/product\/pistol-co2-glock-17-kal-45mm-diab-bb\/"},"modified":"2026-04-16T03:31:52","modified_gmt":"2026-04-16T01:31:52","slug":"co2-pisztoly-glock-17-cal-45mm-diab-bb","status":"publish","type":"product","link":"https:\/\/zbranebudai.sk\/hu\/product\/pistol-co2-glock-17-kal-45mm-diab-bb\/","title":{"rendered":"CO2 pisztoly GLOCK 17, cal. 4,5mm diab.\/BB"},"content":{"rendered":"<p>PARAM\u00c9TEREK:<\/p>\n<p>Energia: 3 J<br \/>\nMenetsebess\u00e9g: 130 m\/s<br \/>\nCs\u0151hossz: 113 mm<br \/>\nTeljes hossz: 205 mm<br \/>\nKapacit\u00e1s: 8<br \/>\nCO\u2082 bomba kapacit\u00e1sa: 120 l\u00f6v\u00e9s<br \/>\nS\u00faly: 795 g<\/p>","protected":false},"excerpt":{"rendered":"<p>CO2 pisztoly GLOCK 17, cal. 4,5mm diab.\/BB egy hivatalos enged\u00e9llyel rendelkez\u0151 m\u00e1solat, amely megk\u00fcl\u00f6nb\u00f6ztethetetlen az \u00e9les v\u00e1ltozatt\u00f3l. A pisztoly egy legyez\u0151 t\u00e1rral van felszerelve, amely 8db diabol\u00e1t vagy ac\u00e9lgoly\u00f3t k\u00e9pes befogadni cal. 4,5mm-es l\u00f6ved\u00e9ket. Polimer v\u00e1zzal \u00e9s f\u00e9m z\u00e1rszerkezettel rendelkezik, blowback rendszerrel, amely t\u00fczel\u00e9skor h\u00e1trafel\u00e9 mozog, cs\u00f6kkentve a visszar\u00fag\u00e1st \u00e9s n\u00f6velve a pontoss\u00e1got. Az eredeti GLOCK fekete m\u0171anyag hordt\u00e1sk\u00e1ban \u00e9rkezik, n\u00e9gy lemezes t\u00e1rral, h\u00e1rom tartal\u00e9k t\u00e1r a t\u00e1r elej\u00e9re van r\u00f6gz\u00edtve az \u00fct\u0151szeggel, \u00e9s a markolatban t\u00e1rolhat\u00f3.<\/p>","protected":false},"featured_media":8452,"template":"","meta":{"_gspb_post_css":""},"product_brand":[],"product_cat":[1876,1829,1824,1828],"product_tag":[],"class_list":{"0":"post-14206","1":"product","2":"type-product","3":"status-publish","4":"has-post-thumbnail","6":"product_cat-glock","7":"product_cat-pistole-na-co2","8":"product_cat-zbrane-18-d","9":"product_cat-zbrane-na-co2","11":"first","12":"instock","13":"taxable","14":"shipping-taxable","15":"purchasable","16":"product-type-simple"},"ct_brands":[],"_links":{"self":[{"href":"https:\/\/zbranebudai.sk\/hu\/wp-json\/wp\/v2\/product\/14206","targetHints":{"allow":["GET"]}}],"collection":[{"href":"https:\/\/zbranebudai.sk\/hu\/wp-json\/wp\/v2\/product"}],"about":[{"href":"https:\/\/zbranebudai.sk\/hu\/wp-json\/wp\/v2\/types\/product"}],"wp:featuredmedia":[{"embeddable":true,"href":"https:\/\/zbranebudai.sk\/hu\/wp-json\/wp\/v2\/media\/8452"}],"wp:attachment":[{"href":"https:\/\/zbranebudai.sk\/hu\/wp-json\/wp\/v2\/media?parent=14206"}],"wp:term":[{"taxonomy":"product_brand","embeddable":true,"href":"https:\/\/zbranebudai.sk\/hu\/wp-json\/wp\/v2\/product_brand?post=14206"},{"taxonomy":"product_cat","embeddable":true,"href":"https:\/\/zbranebudai.sk\/hu\/wp-json\/wp\/v2\/product_cat?post=14206"},{"taxonomy":"product_tag","embeddable":true,"href":"https:\/\/zbranebudai.sk\/hu\/wp-json\/wp\/v2\/product_tag?post=14206"}],"curies":[{"name":"wp","href":"https:\/\/api.w.org\/{rel}","templated":true}]}}