{"id":14203,"date":"2025-02-17T17:56:26","date_gmt":"2025-02-17T15:56:26","guid":{"rendered":"https:\/\/zbranebudai.sk\/product\/puska-co2-umarex-850-m2-kal-45mm-diabolo\/"},"modified":"2026-05-07T12:02:16","modified_gmt":"2026-05-07T10:02:16","slug":"co2-pisztoly-umarex-850-m2-cal-45mm-diabolo","status":"publish","type":"product","link":"https:\/\/zbranebudai.sk\/hu\/product\/puska-co2-umarex-850-m2-kal-45mm-diabolo\/","title":{"rendered":"CO2 puska Umarex 850 M2, cal. 4,5mm diabolo"},"content":{"rendered":"<p>Umarex 850 M2<\/p>\n<p>Az UMAREX 850 M2 a nagy teljes\u00edtm\u00e9ny\u0171 CO2 meghajt\u00e1s \u00e9s a hossz\u00fa, 600 mm-es huzagolt cs\u0151 kombin\u00e1ci\u00f3j\u00e1nak k\u00f6sz\u00f6nhet\u0151en kiemelkedik a nagy pontoss\u00e1ggal. A kiv\u00e1l\u00f3 min\u0151s\u00e9g\u0171 anyagok haszn\u00e1lata \u00e9s a bev\u00e1lt konstrukci\u00f3 ezt a l\u00e9gpusk\u00e1t egy nagyon pontos, nagy hat\u00f3t\u00e1vols\u00e1g\u00fa fegyverr\u00e9 tette. Ugyanakkor a m\u0171szaki kialak\u00edt\u00e1s nem t\u00fal bonyolult, ami garant\u00e1lja a nagy megb\u00edzhat\u00f3s\u00e1got. El\u0151nye a k\u00fcl\u00f6n megv\u00e1s\u00e1rolhat\u00f3 8 db 4,5 mm-es diabolo l\u0151szerhez val\u00f3 zsebt\u00e1rol\u00f3.<\/p>\n<p>Az Umarex 850 M2 l\u00e9gpuska egy nagyobb, 88 g-os CO2-patront haszn\u00e1l, amely k\u00f6r\u00fclbel\u00fcl 200 l\u00f6v\u00e9st ad le. Lehet\u0151s\u00e9g van k\u00e9t 12 grammos bomba haszn\u00e1lat\u00e1ra is, amelyek egy 465.101-es adapterben vannak elhelyezve (az adapter nem tartoz\u00e9k).\u00a0<\/p>\n<p>- Kiold\u00f3szerkezet r\u00f6pp\u00e1lyavez\u00e9rl\u00e9ssel<br \/>\n- \u00c1ll\u00edthat\u00f3 c\u00e9lz\u00f3k\u00e9sz\u00fcl\u00e9k, k\u00f6nnyen leolvashat\u00f3 a Tru-Glo technol\u00f3gi\u00e1nak k\u00f6sz\u00f6nhet\u0151en<br \/>\n- 11 mm-es Picatinny s\u00edn, amelyre optik\u00e1t vagy kollim\u00e1tort lehet felszerelni.<\/p>\n<p>A gyutacsok l\u00e1gyabbak, mint a cs\u0151 furata, ez\u00e9rt id\u0151vel \u00f3lommaradv\u00e1nyok maradhatnak a cs\u0151ben, ami a l\u0151min\u0151s\u00e9g roml\u00e1s\u00e1\u00e9rt felel\u0151s. Ez\u00e9rt javasoljuk a megfelel\u0151 karbantart\u00e1shoz sz\u00fcks\u00e9ges term\u00e9kek beszerz\u00e9s\u00e9t.<\/p>\n<p>PARAM\u00c9TEREK:<\/p>\n<p>Menet a hord\u00f3 sz\u00e1j\u00e1n: igen 1\/2\" UNF - 20<br \/>\nCs\u0151hossz: 600 mm<br \/>\nTeljes hossz: 1057 mm<br \/>\nS\u00faly: 3,1 kg<\/p>\n<p>CSOMAG TARTALMA:<\/p>\n<p>1x CO2 l\u00e9gpuska UMAREX 850 M2<br \/>\n1x 8 t\u00e1ras t\u00e1r<br \/>\n1x cser\u00e9lhet\u0151 nyak\u00f6rv<\/p>","protected":false},"excerpt":{"rendered":"<p>A legmagasabb kateg\u00f3ri\u00e1j\u00fa, 4,5 mm kaliber\u0171 CO2 l\u00e9gpuska. Bar\u00e1zd\u00e1lt cs\u0151, prec\u00edz teljesen f\u00e9mszerkezet, kiv\u00e1l\u00f3 kivitelez\u00e9s \u00e9s tart\u00f3s polimer \u00e1llom\u00e1ny hozz\u00e1adott 22 mm-es RIS s\u00ednnel. Rendelkezik 1\/2\u2033-20 UNF cs\u0151menettel, ak\u00e1r h\u00e1rom Picatinny s\u00ednnel, egy tov\u00e1bbi megemelt orrpof\u00e1val, oldalir\u00e1nyban \u00e1ll\u00edthat\u00f3 ir\u00e1nyz\u00e9kkal (piros sz\u00e1loptik\u00e1s), magass\u00e1gban \u00e1ll\u00edthat\u00f3 ir\u00e1nyz\u00e9kkal (z\u00f6ld sz\u00e1loptik\u00e1s) \u00e9s egy 11 mm-es (3\/8\u2033) s\u00ednnel c\u00e9lt\u00e1vcs\u0151 felszerel\u00e9s\u00e9hez. Energia a cs\u0151 torkolat\u00e1n\u00e1l 15 J. N\u00e9metorsz\u00e1gban k\u00e9sz\u00fclt.<\/p>","protected":false},"featured_media":8444,"template":"","meta":{"_gspb_post_css":""},"product_brand":[],"product_cat":[1938,1824,1828],"product_tag":[],"class_list":{"0":"post-14203","1":"product","2":"type-product","3":"status-publish","4":"has-post-thumbnail","6":"product_cat-dlhe-zbrane-na-co2","7":"product_cat-zbrane-18-d","8":"product_cat-zbrane-na-co2","10":"first","11":"outofstock","12":"taxable","13":"shipping-taxable","14":"purchasable","15":"product-type-simple"},"ct_brands":[],"_links":{"self":[{"href":"https:\/\/zbranebudai.sk\/hu\/wp-json\/wp\/v2\/product\/14203","targetHints":{"allow":["GET"]}}],"collection":[{"href":"https:\/\/zbranebudai.sk\/hu\/wp-json\/wp\/v2\/product"}],"about":[{"href":"https:\/\/zbranebudai.sk\/hu\/wp-json\/wp\/v2\/types\/product"}],"wp:featuredmedia":[{"embeddable":true,"href":"https:\/\/zbranebudai.sk\/hu\/wp-json\/wp\/v2\/media\/8444"}],"wp:attachment":[{"href":"https:\/\/zbranebudai.sk\/hu\/wp-json\/wp\/v2\/media?parent=14203"}],"wp:term":[{"taxonomy":"product_brand","embeddable":true,"href":"https:\/\/zbranebudai.sk\/hu\/wp-json\/wp\/v2\/product_brand?post=14203"},{"taxonomy":"product_cat","embeddable":true,"href":"https:\/\/zbranebudai.sk\/hu\/wp-json\/wp\/v2\/product_cat?post=14203"},{"taxonomy":"product_tag","embeddable":true,"href":"https:\/\/zbranebudai.sk\/hu\/wp-json\/wp\/v2\/product_tag?post=14203"}],"curies":[{"name":"wp","href":"https:\/\/api.w.org\/{rel}","templated":true}]}}