{"id":14197,"date":"2025-02-17T17:56:25","date_gmt":"2025-02-17T15:56:25","guid":{"rendered":"https:\/\/zbranebudai.sk\/product\/zasobnik-tikka-t3x-t3-medium-3rd-300wsm\/"},"modified":"2026-04-09T01:19:54","modified_gmt":"2026-04-08T23:19:54","slug":"tikka-t3x-t3-kozepes-3-300wsm-henger","status":"publish","type":"product","link":"https:\/\/zbranebudai.sk\/hu\/product\/zasobnik-tikka-t3x-t3-medium-3rd-300wsm\/","title":{"rendered":"Tikka T3x\/T3 Medium 3rd (300WSM)"},"content":{"rendered":"","protected":false},"excerpt":{"rendered":"<p>T3x \u00e9s T3 modellekhez 3 t\u00f6lt\u00e9nyt tartalmaz\u00f3 t\u00e1r cal. 300WSM<\/p>","protected":false},"featured_media":8378,"template":"","meta":{"_gspb_post_css":""},"product_brand":[],"product_cat":[1821,1855,1854,2227,1820],"product_tag":[],"class_list":{"0":"post-14197","1":"product","2":"type-product","3":"status-publish","4":"has-post-thumbnail","6":"product_cat-gulovnice-zbrane-b-c","7":"product_cat-prislusenstvo-tikka","8":"product_cat-tikka","9":"product_cat-zasobniky-prislusenstvo-tikka","10":"product_cat-zbrane-b-c","12":"first","13":"instock","14":"taxable","15":"shipping-taxable","16":"purchasable","17":"product-type-simple"},"ct_brands":[],"_links":{"self":[{"href":"https:\/\/zbranebudai.sk\/hu\/wp-json\/wp\/v2\/product\/14197","targetHints":{"allow":["GET"]}}],"collection":[{"href":"https:\/\/zbranebudai.sk\/hu\/wp-json\/wp\/v2\/product"}],"about":[{"href":"https:\/\/zbranebudai.sk\/hu\/wp-json\/wp\/v2\/types\/product"}],"wp:featuredmedia":[{"embeddable":true,"href":"https:\/\/zbranebudai.sk\/hu\/wp-json\/wp\/v2\/media\/8378"}],"wp:attachment":[{"href":"https:\/\/zbranebudai.sk\/hu\/wp-json\/wp\/v2\/media?parent=14197"}],"wp:term":[{"taxonomy":"product_brand","embeddable":true,"href":"https:\/\/zbranebudai.sk\/hu\/wp-json\/wp\/v2\/product_brand?post=14197"},{"taxonomy":"product_cat","embeddable":true,"href":"https:\/\/zbranebudai.sk\/hu\/wp-json\/wp\/v2\/product_cat?post=14197"},{"taxonomy":"product_tag","embeddable":true,"href":"https:\/\/zbranebudai.sk\/hu\/wp-json\/wp\/v2\/product_tag?post=14197"}],"curies":[{"name":"wp","href":"https:\/\/api.w.org\/{rel}","templated":true}]}}