{"id":14194,"date":"2025-02-17T17:56:25","date_gmt":"2025-02-17T15:56:25","guid":{"rendered":"https:\/\/zbranebudai.sk\/product\/pistol-co2-beretta-m92-fs-nickel-kal-45mm-diabolo\/"},"modified":"2026-04-09T01:11:54","modified_gmt":"2026-04-08T23:11:54","slug":"co2-pisztoly-beretta-m92-fs-nikkel-cal-45mm-diabolo","status":"publish","type":"product","link":"https:\/\/zbranebudai.sk\/hu\/product\/pistol-co2-beretta-m92-fs-nickel-kal-45mm-diabolo\/","title":{"rendered":"CO2 pisztoly Beretta M92 FS nikkel, cal. 4,5mm diabolo"},"content":{"rendered":"<p>PARAM\u00c9TEREK:<\/p>\n<p>Energia: legfeljebb 4 J<br \/>\nMenetsebess\u00e9g: ak\u00e1r 130 m\/s<br \/>\nCs\u0151hossz: 115 mm<br \/>\nTeljes hossz: 210 mm<br \/>\nT\u00e1lcakapacit\u00e1s: 8<br \/>\nCO\u2082 bomba kapacit\u00e1sa: 60 l\u00f6v\u00e9s<br \/>\nS\u00faly: 1,28 kg\u00a0<\/p>","protected":false},"excerpt":{"rendered":"<p>Beretta MOD. 92 - ez a klasszikus olasz pisztoly vil\u00e1gszerte kiv\u00e1l\u00f3 h\u00edrn\u00e9vnek \u00f6rvend a rend\u0151r\u00f6k k\u00f6r\u00e9ben, \u00e9s a polg\u00e1ri felhaszn\u00e1l\u00f3k k\u00f6r\u00e9ben is n\u00e9pszer\u0171. Ezen okok miatt \u00e1lland\u00f3 helyet foglal el az Umarex k\u00edn\u00e1lat\u00e1ban, \u00e9s mindig is a v\u00e1llalat n\u00e9metorsz\u00e1gi k\u00f6zpontj\u00e1ban gy\u00e1rtott\u00e1k, ahol a pisztoly kifejleszt\u00e9se is t\u00f6rt\u00e9nt. A h\u00edres eredeti el\u0151tt tisztelegve ez a CO2 v\u00e1ltozat a pontoss\u00e1gra \u00e9s a megb\u00edzhat\u00f3s\u00e1gra helyezi a hangs\u00falyt. Beretta MOD. 92 FS \u00edgy k\u00e9tr\u00e9szes z\u00e1rszerkezettel \u00e9s 8 l\u00f6v\u00e9ses forg\u00f3t\u00e1rral rendelkezik, amely k\u00f6zvetlen\u00fcl a cs\u0151 el\u00e9 helyezhet\u0151, biztos\u00edtva a l\u00f6ved\u00e9kek pontos bet\u00f6lt\u00e9s\u00e9t a cs\u0151be. Ez ut\u00f3bbi a maxim\u00e1lis pontoss\u00e1got biztos\u00edt\u00f3 huzagol\u00e1ssal van ell\u00e1tva. A teljesen f\u00e9m v\u00e1zban elhelyezett 12 g-os CO2-patron ak\u00e1r 60 l\u00f6v\u00e9st is k\u00e9pes leadni, ak\u00e1r 4 joule energi\u00e1val a folyamatos \u00e9s er\u0151teljes m\u0171k\u00f6d\u00e9s \u00e9rdek\u00e9ben. A kiv\u00e1l\u00f3 teljesen f\u00e9mszerkezetet m\u0171anyag \u00fctk\u00f6z\u0151k eg\u00e9sz\u00edtik ki. A prec\u00edz k\u00e9zm\u0171ves kivitelez\u00e9ssel, az egy- vagy k\u00e9tszeri m\u0171k\u00f6dtet\u00e9s\u0171 ravasz v\u00e1laszt\u00e1s\u00e1val \u00e9s a hiteles k\u00e9zi biztos\u00edt\u00f3val a Beretta M92 FS semmit sem b\u00edz a v\u00e9letlenre.<\/p>","protected":false},"featured_media":8370,"template":"","meta":{"_gspb_post_css":""},"product_brand":[],"product_cat":[1836,1829,1824,1828],"product_tag":[],"class_list":{"0":"post-14194","1":"product","2":"type-product","3":"status-publish","4":"has-post-thumbnail","6":"product_cat-beretta","7":"product_cat-pistole-na-co2","8":"product_cat-zbrane-18-d","9":"product_cat-zbrane-na-co2","11":"first","12":"instock","13":"taxable","14":"shipping-taxable","15":"purchasable","16":"product-type-simple"},"ct_brands":[],"_links":{"self":[{"href":"https:\/\/zbranebudai.sk\/hu\/wp-json\/wp\/v2\/product\/14194","targetHints":{"allow":["GET"]}}],"collection":[{"href":"https:\/\/zbranebudai.sk\/hu\/wp-json\/wp\/v2\/product"}],"about":[{"href":"https:\/\/zbranebudai.sk\/hu\/wp-json\/wp\/v2\/types\/product"}],"wp:featuredmedia":[{"embeddable":true,"href":"https:\/\/zbranebudai.sk\/hu\/wp-json\/wp\/v2\/media\/8370"}],"wp:attachment":[{"href":"https:\/\/zbranebudai.sk\/hu\/wp-json\/wp\/v2\/media?parent=14194"}],"wp:term":[{"taxonomy":"product_brand","embeddable":true,"href":"https:\/\/zbranebudai.sk\/hu\/wp-json\/wp\/v2\/product_brand?post=14194"},{"taxonomy":"product_cat","embeddable":true,"href":"https:\/\/zbranebudai.sk\/hu\/wp-json\/wp\/v2\/product_cat?post=14194"},{"taxonomy":"product_tag","embeddable":true,"href":"https:\/\/zbranebudai.sk\/hu\/wp-json\/wp\/v2\/product_tag?post=14194"}],"curies":[{"name":"wp","href":"https:\/\/api.w.org\/{rel}","templated":true}]}}