{"id":14191,"date":"2025-02-17T17:56:24","date_gmt":"2025-02-17T15:56:24","guid":{"rendered":"https:\/\/zbranebudai.sk\/product\/ruger-gp100-1773-kal-357mag\/"},"modified":"2026-04-16T04:11:53","modified_gmt":"2026-04-16T02:11:53","slug":"ruger-gp100-1773-cal-357mag","status":"publish","type":"product","link":"https:\/\/zbranebudai.sk\/hu\/product\/ruger-gp100-1773-kal-357mag\/","title":{"rendered":"Ruger GP100 1773, cal. .357Mag."},"content":{"rendered":"<p>PARAM\u00c9TEREK:<\/p>\n<p>Kapacit\u00e1s: 7 t\u00f6lt\u00e9ny<br \/>\nCs\u0151hossz: 152 mm (6\u2033)<br \/>\nTeljes hossz: 290 mm<br \/>\nCs\u0151oszt\u00e1s: 1:18.75\u2033 RH<br \/>\nAnyag: Rozsdamentes ac\u00e9l<br \/>\nS\u00faly: 1,23 kg<\/p>","protected":false},"excerpt":{"rendered":"<p>Ruger GP100 1773 revolver rozsdamentes ac\u00e9lb\u00f3l, 6\"-os cs\u0151vel \u00e9s kett\u0151s m\u0171k\u00f6d\u00e9s\u0171 ravaszzal. A k\u00e9nyelmes, fekete, fa d\u00edsz\u00edt\u00e9s\u0171 gumimarkolat k\u00f6nnyen elt\u00e1vol\u00edthat\u00f3, \u00e9s egy m\u00e1sik markolattal vagy egyedi markolattal cser\u00e9lhet\u0151.<\/p>","protected":false},"featured_media":8336,"template":"","meta":{"_gspb_post_css":""},"product_brand":[],"product_cat":[1886,1858,1859,1820],"product_tag":[],"class_list":{"0":"post-14191","1":"product","2":"type-product","3":"status-publish","4":"has-post-thumbnail","6":"product_cat-gp100","7":"product_cat-revolvery-zbrane-b-c","8":"product_cat-ruger-revolvery-zbrane-b-c","9":"product_cat-zbrane-b-c","11":"first","12":"instock","13":"taxable","14":"shipping-taxable","15":"purchasable","16":"product-type-simple"},"ct_brands":[],"_links":{"self":[{"href":"https:\/\/zbranebudai.sk\/hu\/wp-json\/wp\/v2\/product\/14191","targetHints":{"allow":["GET"]}}],"collection":[{"href":"https:\/\/zbranebudai.sk\/hu\/wp-json\/wp\/v2\/product"}],"about":[{"href":"https:\/\/zbranebudai.sk\/hu\/wp-json\/wp\/v2\/types\/product"}],"wp:featuredmedia":[{"embeddable":true,"href":"https:\/\/zbranebudai.sk\/hu\/wp-json\/wp\/v2\/media\/8336"}],"wp:attachment":[{"href":"https:\/\/zbranebudai.sk\/hu\/wp-json\/wp\/v2\/media?parent=14191"}],"wp:term":[{"taxonomy":"product_brand","embeddable":true,"href":"https:\/\/zbranebudai.sk\/hu\/wp-json\/wp\/v2\/product_brand?post=14191"},{"taxonomy":"product_cat","embeddable":true,"href":"https:\/\/zbranebudai.sk\/hu\/wp-json\/wp\/v2\/product_cat?post=14191"},{"taxonomy":"product_tag","embeddable":true,"href":"https:\/\/zbranebudai.sk\/hu\/wp-json\/wp\/v2\/product_tag?post=14191"}],"curies":[{"name":"wp","href":"https:\/\/api.w.org\/{rel}","templated":true}]}}