{"id":14187,"date":"2025-02-17T17:56:23","date_gmt":"2025-02-17T15:56:23","guid":{"rendered":"https:\/\/zbranebudai.sk\/product\/samostatna-skrutka-lucika-spuste-pre-spielberg-brno-200f-kal-6mm-me-flobert-court\/"},"modified":"2026-04-30T10:05:16","modified_gmt":"2026-04-30T08:05:16","slug":"kulon-csavar-lucika-ravasz-spielberg-brno-200f-cal-6mm-me-flobert-courthoz","status":"publish","type":"product","link":"https:\/\/zbranebudai.sk\/hu\/product\/samostatna-skrutka-lucika-spuste-pre-spielberg-brno-200f-kal-6mm-me-flobert-court\/","title":{"rendered":"K\u00fcl\u00f6n ravaszv\u00e9d\u0151 csavar Spielberg Brno 200F, cal. 6mm ME Flobert b\u00edr\u00f3s\u00e1g"},"content":{"rendered":"","protected":false},"excerpt":{"rendered":"","protected":false},"featured_media":8326,"template":"","meta":{"_gspb_post_css":""},"product_brand":[],"product_cat":[1880,2011,1881,1824],"product_tag":[],"class_list":{"0":"post-14187","1":"product","2":"type-product","3":"status-publish","4":"has-post-thumbnail","6":"product_cat-flobertky","7":"product_cat-prislusenstvo-spielberg-brno","8":"product_cat-spielberg-brno","9":"product_cat-zbrane-18-d","11":"first","12":"outofstock","13":"taxable","14":"shipping-taxable","15":"purchasable","16":"product-type-simple"},"ct_brands":[],"_links":{"self":[{"href":"https:\/\/zbranebudai.sk\/hu\/wp-json\/wp\/v2\/product\/14187","targetHints":{"allow":["GET"]}}],"collection":[{"href":"https:\/\/zbranebudai.sk\/hu\/wp-json\/wp\/v2\/product"}],"about":[{"href":"https:\/\/zbranebudai.sk\/hu\/wp-json\/wp\/v2\/types\/product"}],"wp:featuredmedia":[{"embeddable":true,"href":"https:\/\/zbranebudai.sk\/hu\/wp-json\/wp\/v2\/media\/8326"}],"wp:attachment":[{"href":"https:\/\/zbranebudai.sk\/hu\/wp-json\/wp\/v2\/media?parent=14187"}],"wp:term":[{"taxonomy":"product_brand","embeddable":true,"href":"https:\/\/zbranebudai.sk\/hu\/wp-json\/wp\/v2\/product_brand?post=14187"},{"taxonomy":"product_cat","embeddable":true,"href":"https:\/\/zbranebudai.sk\/hu\/wp-json\/wp\/v2\/product_cat?post=14187"},{"taxonomy":"product_tag","embeddable":true,"href":"https:\/\/zbranebudai.sk\/hu\/wp-json\/wp\/v2\/product_tag?post=14187"}],"curies":[{"name":"wp","href":"https:\/\/api.w.org\/{rel}","templated":true}]}}