{"id":14183,"date":"2025-02-17T17:56:23","date_gmt":"2025-02-17T15:56:23","guid":{"rendered":"https:\/\/zbranebudai.sk\/product\/pistol-hk-sfp9-pb-sd-kal-9x19\/"},"modified":"2026-04-01T23:16:12","modified_gmt":"2026-04-01T21:16:12","slug":"pisztoly-hk-sfp9-pb-sd-kaliber-9x19","status":"publish","type":"product","link":"https:\/\/zbranebudai.sk\/hu\/product\/pistol-hk-sfp9-pb-sd-kal-9x19\/","title":{"rendered":"Pisztoly HK SFP9 PB SD, cal. 9\u00d719"},"content":{"rendered":"<p>PB (nyom\u00f3gomb) - a t\u00e1r \u00fcr\u00edt\u00e9se nyom\u00f3gombbal.  SD - menet a cs\u0151 torkolat\u00e1n. Picatinny s\u00edn.  \u00c1ll\u00edthat\u00f3 magass\u00e1g\u00fa \u00e9s oldals\u00f3 ir\u00e1nyz\u00e9k. Ugyanaz a t\u00e1r, mint a P30-ban.\u00a0<\/p>\n<p>PARAM\u00c9TEREK:<\/p>\n<p>T\u00e1rkapacit\u00e1s: 15 t\u00f6lt\u00e9ny<br \/>\nCs\u0151hossz: 119 mm<br \/>\nTeljes hossz: 202 mm<br \/>\nSz\u00e9less\u00e9g: 33 mm<br \/>\nMagass\u00e1g: 137 mm<br \/>\nSz\u00e1nd\u00e9kos hossz: 162 mm<br \/>\nS\u00faly: 719 g<\/p>\n<p>CSOMAG TARTALMA:<\/p>\n<p>1x Pisztoly<br \/>\n2x t\u00e1lca<br \/>\n4x Cser\u00e9lhet\u0151 oldalak + 2x Foganty\u00fa h\u00e1tlapok<br \/>\n1x b\u0151r\u00f6nd<br \/>\n3x cser\u00e9lhet\u0151, k\u00fcl\u00f6nb\u00f6z\u0151 m\u00e9ret\u0171 t\u00e1lca leereszt\u0151 gombok<br \/>\n1x csere szersz\u00e1m<\/p>","protected":false},"excerpt":{"rendered":"<p>Az SFP9 sorozat\u00fa pisztolyok az egyik legmodernebb fegyverek k\u00f6z\u00e9 tartoznak, amelyeket kifejezetten a fegyveres er\u0151k sz\u00e1m\u00e1ra terveztek, de alkalmi sportl\u00f6v\u00e9szetre is alkalmasak. Kiv\u00e1l\u00f3 ravaszkarakterisztika, r\u00f6videbb ravasz\u00fat \u00e9s vissza\u00e1ll\u00edt\u00e1st, t\u00e1mogatja a nagy pontoss\u00e1got m\u00e9g a gyors l\u00f6v\u00e9si sorozatokban is. A szabadalmaztatott f\u00fclek (ujjfoganty\u00fak) a cs\u00faszka h\u00e1ts\u00f3 r\u00e9sz\u00e9n, egyszer\u0171s\u00edtik \u00e9s megk\u00f6nny\u00edtik a gyorsabb cs\u00faszka visszat\u00f6lt\u00e9st, \u00e9s kik\u00fcsz\u00f6b\u00f6lik a k\u00e9z elcs\u00fasz\u00e1s\u00e1t kakasol\u00e1skor. A teljes k\u00e9tkezes kezel\u0151szervek t\u00f6k\u00e9letes fegyverkezel\u00e9st biztos\u00edtanak mind a jobb-, mind a balkezes l\u00f6v\u00e9szek sz\u00e1m\u00e1ra. A sz\u00e9tszerel\u00e9si folyamat maxim\u00e1lis biztons\u00e1got ny\u00fajt. A hasonl\u00f3 modellekkel ellent\u00e9tben a fegyver a sz\u00e9tszerel\u00e9s el\u0151tt mag\u00e1t\u00f3l bez\u00e1r\u00f3dik, \u00edgy nincs sz\u00fcks\u00e9g a ravasz megh\u00faz\u00e1s\u00e1ra \u00e9s a sz\u00e9tszerel\u00e9s el\u0151tti biztos l\u00f6v\u00e9sre. Az SFP9 ergon\u00f3miai koncepci\u00f3ja ak\u00e1r 27 lehets\u00e9ges kombin\u00e1ci\u00f3t tesz lehet\u0151v\u00e9 az egy\u00e9ni markolat be\u00e1ll\u00edt\u00e1s\u00e1hoz a markolat cser\u00e9lhet\u0151 oldala \u00e9s h\u00e1tulja r\u00e9v\u00e9n.<\/p>","protected":false},"featured_media":8318,"template":"","meta":{"_gspb_post_css":""},"product_brand":[],"product_cat":[1865,1864,1943,1820],"product_tag":[],"class_list":{"0":"post-14183","1":"product","2":"type-product","3":"status-publish","4":"has-post-thumbnail","6":"product_cat-heckler-koch-pistole-zbrane-b-c","7":"product_cat-pistole-zbrane-b-c","8":"product_cat-sfp9","9":"product_cat-zbrane-b-c","11":"first","12":"instock","13":"taxable","14":"shipping-taxable","15":"purchasable","16":"product-type-simple"},"ct_brands":[],"_links":{"self":[{"href":"https:\/\/zbranebudai.sk\/hu\/wp-json\/wp\/v2\/product\/14183","targetHints":{"allow":["GET"]}}],"collection":[{"href":"https:\/\/zbranebudai.sk\/hu\/wp-json\/wp\/v2\/product"}],"about":[{"href":"https:\/\/zbranebudai.sk\/hu\/wp-json\/wp\/v2\/types\/product"}],"wp:featuredmedia":[{"embeddable":true,"href":"https:\/\/zbranebudai.sk\/hu\/wp-json\/wp\/v2\/media\/8318"}],"wp:attachment":[{"href":"https:\/\/zbranebudai.sk\/hu\/wp-json\/wp\/v2\/media?parent=14183"}],"wp:term":[{"taxonomy":"product_brand","embeddable":true,"href":"https:\/\/zbranebudai.sk\/hu\/wp-json\/wp\/v2\/product_brand?post=14183"},{"taxonomy":"product_cat","embeddable":true,"href":"https:\/\/zbranebudai.sk\/hu\/wp-json\/wp\/v2\/product_cat?post=14183"},{"taxonomy":"product_tag","embeddable":true,"href":"https:\/\/zbranebudai.sk\/hu\/wp-json\/wp\/v2\/product_tag?post=14183"}],"curies":[{"name":"wp","href":"https:\/\/api.w.org\/{rel}","templated":true}]}}