{"id":14179,"date":"2025-02-17T17:56:22","date_gmt":"2025-02-17T15:56:22","guid":{"rendered":"https:\/\/zbranebudai.sk\/product\/kusa-barnett-recruit-youth-100-tan\/"},"modified":"2025-09-06T09:54:33","modified_gmt":"2025-09-06T07:54:33","slug":"kusa-barnett-ujonc-ifjusagi-100-tan","status":"publish","type":"product","link":"https:\/\/zbranebudai.sk\/hu\/product\/kusa-barnett-recruit-youth-100-tan\/","title":{"rendered":"Barnett Recruit Youth 100 - Tan"},"content":{"rendered":"<p>Barnett Recruit Youth 100 - Tan<\/p>\n<p>A Barnett Youth sorozat megfelel a magas biztons\u00e1gi el\u0151\u00edr\u00e1soknak, \u00e9s ide\u00e1lis arra, hogy a legkisebbeket is bevonzza a ny\u00edlpusk\u00e1s l\u00f6v\u00e9szet vil\u00e1g\u00e1ba. H\u00e1rom k\u00fcl\u00f6nb\u00f6z\u0151 v\u00e1ltozatban kaphat\u00f3, a s\u00e1rga 30, a z\u00f6ld 60, a barna \u00e9s a r\u00f3zsasz\u00edn 100 font h\u00faz\u00f3s\u00fallyal. A ny\u00edlpusk\u00e1k kialak\u00edt\u00e1sa \u00e9s funkcionalit\u00e1sa a Barnettre jellemz\u0151 st\u00edlusban k\u00e9sz\u00fclt. Van egy Red Dot kollim\u00e1tor \u00e9s egy ny\u00edlvessz\u0151tart\u00f3, amely h\u00e1rom ny\u00edlvessz\u0151t tartalmaz. Minden modell b\u0151v\u00edthet\u0151 v\u00e1llt\u00e1masszal rendelkezik. A hossz\u00fa els\u0151 markolat lehet\u0151v\u00e9 teszi a l\u00f6v\u00e9szeknek, hogy a ny\u00edlpusk\u00e1t a legnagyobb k\u00e9nyelemmel haszn\u00e1lj\u00e1k. Term\u00e9szetesen van \u00fcres l\u00f6v\u00e9s elleni v\u00e9delem.<\/p>\n<p>Param\u00e9terek:<\/p>\n<p>Fesz\u00fclts\u00e9g: 100 font<br \/>\nNy\u00edl sebess\u00e9ge: 256 fps \/ 282 km\/h \/ 78 m\/s<br \/>\nFesz\u00edt\u00e9si hossz: 12.5\u2033<br \/>\nKinetikus energia: 58,2 ft\/lbs<br \/>\nAj\u00e1nlott ny\u00edlhossz: 18\u2033<br \/>\nHossz: 87 cm<br \/>\nSz\u00e9less\u00e9g: 46 cm<br \/>\nS\u00faly: 2,9 kg<br \/>\nKiold\u00f3 t\u00edpusa: csendes<br \/>\nBiztons\u00e1g az \u00fcres l\u00f6v\u00e9s ellen: (US szabadalom)<\/p>\n<p>A csomag tartalma:<\/p>\n<p>1x Barnett Recruit Youth 100 - Tan<br \/>\n1x kollim\u00e1tor v\u00f6r\u00f6s ponttal<br \/>\n1x el\u00fcls\u0151 ny\u00edltart\u00f3<br \/>\n1x von\u00f3h\u00faz\u00f3<br \/>\n3x Carbon ny\u00edlvessz\u0151 - Headhunter 18\u2033<br \/>\n1x viasz az \u00edjh\u00farra<\/p>\n<p>\u00c9rtes\u00edt\u00e9s:<\/p>\n<p>A ny\u00edlpusk\u00e1val nem szabad c\u00e9lzottan l\u0151ni! Az \u00edgy megs\u00e9r\u00fclt ny\u00edlpuska nem fogadhat\u00f3 el reklam\u00e1ci\u00f3k\u00e9nt!<br \/>\n\u00cdjpusk\u00e1t csak 18 \u00e9ves vagy ann\u00e1l id\u0151sebb szem\u00e9lyek v\u00e1s\u00e1rolhatnak, szem\u00e9lyi igazolv\u00e1nnyal.<br \/>\nA bonyolultabb m\u0171k\u00f6d\u00e9s \u00e9s a pontosan az utas\u00edt\u00e1soknak megfelel\u0151 haszn\u00e1lat nagyobb ig\u00e9nye miatt javasoljuk, hogy a ny\u00edlpusk\u00e1t szem\u00e9lyesen v\u00e1s\u00e1rolja meg valamelyik \u00fczleti partner\u00fcnkn\u00e9l vagy telephely\u00fcnk\u00f6n.\u00a0<\/p>","protected":false},"excerpt":{"rendered":"<p>Fesz\u00edt\u0151er\u0151 100 lbs (445 N), sebess\u00e9g 256 fps \/ 78 m\/s (ny\u00edl 380 gr), s\u00faly 2,90 kg. Tartalmazza a kollim\u00e1tort, 3 ny\u00edlvessz\u0151t, k\u00f6t\u00e9lh\u00faros \u00edjfesz\u00edt\u0151t, viaszt.<\/p>","protected":false},"featured_media":8308,"template":"","meta":{"_gspb_post_css":""},"product_brand":[],"product_cat":[2012,1977,1850,1824],"product_tag":[],"class_list":{"0":"post-14179","1":"product","2":"type-product","3":"status-publish","4":"has-post-thumbnail","6":"product_cat-kladkove-kuse","7":"product_cat-kuse","8":"product_cat-mechanicke-zbrane","9":"product_cat-zbrane-18-d","11":"first","12":"outofstock","13":"taxable","14":"shipping-taxable","15":"purchasable","16":"product-type-simple"},"ct_brands":[],"_links":{"self":[{"href":"https:\/\/zbranebudai.sk\/hu\/wp-json\/wp\/v2\/product\/14179","targetHints":{"allow":["GET"]}}],"collection":[{"href":"https:\/\/zbranebudai.sk\/hu\/wp-json\/wp\/v2\/product"}],"about":[{"href":"https:\/\/zbranebudai.sk\/hu\/wp-json\/wp\/v2\/types\/product"}],"wp:featuredmedia":[{"embeddable":true,"href":"https:\/\/zbranebudai.sk\/hu\/wp-json\/wp\/v2\/media\/8308"}],"wp:attachment":[{"href":"https:\/\/zbranebudai.sk\/hu\/wp-json\/wp\/v2\/media?parent=14179"}],"wp:term":[{"taxonomy":"product_brand","embeddable":true,"href":"https:\/\/zbranebudai.sk\/hu\/wp-json\/wp\/v2\/product_brand?post=14179"},{"taxonomy":"product_cat","embeddable":true,"href":"https:\/\/zbranebudai.sk\/hu\/wp-json\/wp\/v2\/product_cat?post=14179"},{"taxonomy":"product_tag","embeddable":true,"href":"https:\/\/zbranebudai.sk\/hu\/wp-json\/wp\/v2\/product_tag?post=14179"}],"curies":[{"name":"wp","href":"https:\/\/api.w.org\/{rel}","templated":true}]}}