{"id":14176,"date":"2025-02-17T17:56:22","date_gmt":"2025-02-17T15:56:22","guid":{"rendered":"https:\/\/zbranebudai.sk\/product\/kusa-barnett-blackspur-tt\/"},"modified":"2025-09-06T09:54:33","modified_gmt":"2025-09-06T07:54:33","slug":"kusa-barnett-blackspur-tt","status":"publish","type":"product","link":"https:\/\/zbranebudai.sk\/hu\/product\/kusa-barnett-blackspur-tt\/","title":{"rendered":"Barnett Blackspur TT"},"content":{"rendered":"<p>Barnett Blackspur TT<\/p>\n<p>A Barnett Blackspur TT-t kifejezetten pulykavad\u00e1szatra fejlesztett\u00e9k ki. Kompakt modell j\u00f3 teljes\u00edtm\u00e9nnyel \u00e9s egyedi \u00e1lc\u00e1z\u00e1si mint\u00e1zattal. Sebess\u00e9ge ak\u00e1r 340 fps, 150 font hasznos terhel\u00e9ssel.<\/p>\n<p>- Lyuk az als\u00f3 foganty\u00fan\u00a0<br \/>\n- 7\/8\u2033 Picatinny s\u00edn<br \/>\n- \u00d6sszetett karok<br \/>\n- Soft-Lok ecset-ny\u00edl-ny\u00edl-tart\u00f3<\/p>\n<p>Param\u00e9terek:<\/p>\n<p>Emel\u00e9s: 150 font<br \/>\nNy\u00edlsebess\u00e9g: 340 fps \/ 373 km\/h \/ 104 m\/s<br \/>\nFesz\u00edt\u00e9si hossz: 12.5\u2033<br \/>\nKinetikus energia: 97,6 ft\/lbs<br \/>\nAj\u00e1nlott ny\u00edlhossz: 20 h\u00fcvelyk<br \/>\nHossz: 87 cm\u00a0<br \/>\nSz\u00e9less\u00e9g: 46 cm\u00a0<br \/>\nS\u00faly: 2,8 kg\u00a0<br \/>\nKiold\u00f3 t\u00edpusa: csendes<br \/>\nBiztons\u00e1g az \u00fcres l\u00f6v\u00e9s ellen: (US szabadalom)<\/p>\n<p>a csomag tartalma:<\/p>\n<p>1x P\u00e1rna BARNETT Blackspur TT<br \/>\n1x REd Dot kollim\u00e1tor<br \/>\n1x el\u00fcls\u0151 ny\u00edltart\u00f3 2 ny\u00edlvessz\u0151h\u00f6z<br \/>\n1x von\u00f3h\u00faz\u00f3<br \/>\n2x Carbon nyilak - Headhunter 20\u2033<br \/>\n1x viasz az \u00edjh\u00farra<\/p>\n<p>\u00c9rtes\u00edt\u00e9s:<\/p>\n<p>A ny\u00edlpusk\u00e1val nem szabad c\u00e9lzottan l\u0151ni! Az \u00edgy megs\u00e9r\u00fclt ny\u00edlpuska nem fogadhat\u00f3 el reklam\u00e1ci\u00f3k\u00e9nt!<br \/>\n\u00cdjpusk\u00e1t csak 18 \u00e9ves vagy ann\u00e1l id\u0151sebb szem\u00e9lyek v\u00e1s\u00e1rolhatnak, szem\u00e9lyi igazolv\u00e1nnyal.<br \/>\nA bonyolultabb m\u0171k\u00f6d\u00e9s \u00e9s a pontosan az utas\u00edt\u00e1soknak megfelel\u0151 haszn\u00e1lat nagyobb ig\u00e9nye miatt javasoljuk, hogy a ny\u00edlpusk\u00e1t szem\u00e9lyesen v\u00e1s\u00e1rolja meg valamelyik \u00fczleti partner\u00fcnkn\u00e9l vagy telephely\u00fcnk\u00f6n.\u00a0<\/p>","protected":false},"excerpt":{"rendered":"<p>Fesz\u00edt\u0151er\u0151 150 lbs (667 N), sebess\u00e9g 340 fps \/ 104 m\/s (ny\u00edl 380 gr), s\u00faly 2,81 kg. Tartalmazza a kollim\u00e1tort, 2 ny\u00edlvessz\u0151t, \u00edjh\u00farfesz\u00edt\u0151t, viaszt.<\/p>","protected":false},"featured_media":8302,"template":"","meta":{"_gspb_post_css":""},"product_brand":[],"product_cat":[2012,1977,1850,1824],"product_tag":[],"class_list":{"0":"post-14176","1":"product","2":"type-product","3":"status-publish","4":"has-post-thumbnail","6":"product_cat-kladkove-kuse","7":"product_cat-kuse","8":"product_cat-mechanicke-zbrane","9":"product_cat-zbrane-18-d","11":"first","12":"outofstock","13":"taxable","14":"shipping-taxable","15":"purchasable","16":"product-type-simple"},"ct_brands":[],"_links":{"self":[{"href":"https:\/\/zbranebudai.sk\/hu\/wp-json\/wp\/v2\/product\/14176","targetHints":{"allow":["GET"]}}],"collection":[{"href":"https:\/\/zbranebudai.sk\/hu\/wp-json\/wp\/v2\/product"}],"about":[{"href":"https:\/\/zbranebudai.sk\/hu\/wp-json\/wp\/v2\/types\/product"}],"wp:featuredmedia":[{"embeddable":true,"href":"https:\/\/zbranebudai.sk\/hu\/wp-json\/wp\/v2\/media\/8302"}],"wp:attachment":[{"href":"https:\/\/zbranebudai.sk\/hu\/wp-json\/wp\/v2\/media?parent=14176"}],"wp:term":[{"taxonomy":"product_brand","embeddable":true,"href":"https:\/\/zbranebudai.sk\/hu\/wp-json\/wp\/v2\/product_brand?post=14176"},{"taxonomy":"product_cat","embeddable":true,"href":"https:\/\/zbranebudai.sk\/hu\/wp-json\/wp\/v2\/product_cat?post=14176"},{"taxonomy":"product_tag","embeddable":true,"href":"https:\/\/zbranebudai.sk\/hu\/wp-json\/wp\/v2\/product_tag?post=14176"}],"curies":[{"name":"wp","href":"https:\/\/api.w.org\/{rel}","templated":true}]}}